{"id":6261,"date":"2025-07-16T11:05:42","date_gmt":"2025-07-16T11:05:42","guid":{"rendered":"https:\/\/letempsjadisauction.com\/?post_type=product&#038;p=6261"},"modified":"2025-07-30T14:22:29","modified_gmt":"2025-07-30T14:22:29","slug":"132-hendrick-van-kaldekerken-nature-morte-aux-peches","status":"publish","type":"product","link":"https:\/\/letempsjadisauction.com\/nl\/veiling\/132-hendrick-van-kaldekerken-nature-morte-aux-peches\/","title":{"rendered":"132-Hendrick van Kaldekerken \u2013 Nature morte aux p\u00eaches"},"content":{"rendered":"<p>Hendrick van Kaldekerken (1870-1939), nature morte aux p\u00eaches, sign\u00e9 en bas \u00e0 droite, plaquette avec titre Volle Rijpheid et nom de l&rsquo;artiste, huile sur toile, 36 x 10 cm 55 x 36 cm avec cadre<\/p>","protected":false},"excerpt":{"rendered":"<p>Hendrick van Kaldekerken \u2013 Nature morte aux p\u00eaches<\/p>","protected":false},"featured_media":6352,"template":"","meta":{"_acf_changed":false,"inline_featured_image":false},"online_sale":[58],"product_brand":[],"product_cat":[18],"product_tag":[],"class_list":{"0":"post-6261","1":"product","2":"type-product","3":"status-publish","4":"has-post-thumbnail","6":"online_sale-juillet-2025","7":"product_cat-non-classe","9":"first","10":"instock","11":"shipping-taxable","12":"purchasable","13":"product-type-auction"},"acf":[],"_links":{"self":[{"href":"https:\/\/letempsjadisauction.com\/nl\/wp-json\/wp\/v2\/product\/6261","targetHints":{"allow":["GET"]}}],"collection":[{"href":"https:\/\/letempsjadisauction.com\/nl\/wp-json\/wp\/v2\/product"}],"about":[{"href":"https:\/\/letempsjadisauction.com\/nl\/wp-json\/wp\/v2\/types\/product"}],"wp:featuredmedia":[{"embeddable":true,"href":"https:\/\/letempsjadisauction.com\/nl\/wp-json\/wp\/v2\/media\/6352"}],"wp:attachment":[{"href":"https:\/\/letempsjadisauction.com\/nl\/wp-json\/wp\/v2\/media?parent=6261"}],"wp:term":[{"taxonomy":"online_sale","embeddable":true,"href":"https:\/\/letempsjadisauction.com\/nl\/wp-json\/wp\/v2\/online_sale?post=6261"},{"taxonomy":"product_brand","embeddable":true,"href":"https:\/\/letempsjadisauction.com\/nl\/wp-json\/wp\/v2\/product_brand?post=6261"},{"taxonomy":"product_cat","embeddable":true,"href":"https:\/\/letempsjadisauction.com\/nl\/wp-json\/wp\/v2\/product_cat?post=6261"},{"taxonomy":"product_tag","embeddable":true,"href":"https:\/\/letempsjadisauction.com\/nl\/wp-json\/wp\/v2\/product_tag?post=6261"}],"curies":[{"name":"wp","href":"https:\/\/api.w.org\/{rel}","templated":true}]}}