{"id":6272,"date":"2025-07-16T11:06:06","date_gmt":"2025-07-16T11:06:06","guid":{"rendered":"https:\/\/letempsjadisauction.com\/?post_type=product&#038;p=6272"},"modified":"2025-07-30T07:46:06","modified_gmt":"2025-07-30T07:46:06","slug":"143-louis-fontinelle-chien","status":"publish","type":"product","link":"https:\/\/letempsjadisauction.com\/nl\/veiling\/143-louis-fontinelle-chien\/","title":{"rendered":"143-Louis Fontinelle \u2013 Chien"},"content":{"rendered":"<p>Louis Fontinelle (1886-1964), statue repr\u00e9sentant un chien, signature effac\u00e9e, 40 \u00d7 31, Made in AMC Belgium<\/p>","protected":false},"excerpt":{"rendered":"<p>Louis Fontinelle \u2013 Chien  <\/p>","protected":false},"featured_media":5957,"template":"","meta":{"_acf_changed":false,"inline_featured_image":false},"online_sale":[58],"product_brand":[],"product_cat":[18],"product_tag":[],"class_list":{"0":"post-6272","1":"product","2":"type-product","3":"status-publish","4":"has-post-thumbnail","6":"online_sale-juillet-2025","7":"product_cat-non-classe","9":"first","10":"instock","11":"shipping-taxable","12":"purchasable","13":"product-type-auction"},"acf":[],"_links":{"self":[{"href":"https:\/\/letempsjadisauction.com\/nl\/wp-json\/wp\/v2\/product\/6272","targetHints":{"allow":["GET"]}}],"collection":[{"href":"https:\/\/letempsjadisauction.com\/nl\/wp-json\/wp\/v2\/product"}],"about":[{"href":"https:\/\/letempsjadisauction.com\/nl\/wp-json\/wp\/v2\/types\/product"}],"wp:featuredmedia":[{"embeddable":true,"href":"https:\/\/letempsjadisauction.com\/nl\/wp-json\/wp\/v2\/media\/5957"}],"wp:attachment":[{"href":"https:\/\/letempsjadisauction.com\/nl\/wp-json\/wp\/v2\/media?parent=6272"}],"wp:term":[{"taxonomy":"online_sale","embeddable":true,"href":"https:\/\/letempsjadisauction.com\/nl\/wp-json\/wp\/v2\/online_sale?post=6272"},{"taxonomy":"product_brand","embeddable":true,"href":"https:\/\/letempsjadisauction.com\/nl\/wp-json\/wp\/v2\/product_brand?post=6272"},{"taxonomy":"product_cat","embeddable":true,"href":"https:\/\/letempsjadisauction.com\/nl\/wp-json\/wp\/v2\/product_cat?post=6272"},{"taxonomy":"product_tag","embeddable":true,"href":"https:\/\/letempsjadisauction.com\/nl\/wp-json\/wp\/v2\/product_tag?post=6272"}],"curies":[{"name":"wp","href":"https:\/\/api.w.org\/{rel}","templated":true}]}}