{"id":6278,"date":"2025-07-16T11:06:05","date_gmt":"2025-07-16T11:06:05","guid":{"rendered":"https:\/\/letempsjadisauction.com\/?post_type=product&#038;p=6278"},"modified":"2025-07-30T15:20:55","modified_gmt":"2025-07-30T15:20:55","slug":"149-statue-abstraite-femme-bronze-dore","status":"publish","type":"product","link":"https:\/\/letempsjadisauction.com\/nl\/veiling\/149-statue-abstraite-femme-bronze-dore\/","title":{"rendered":"149-Statue abstraite femme bronze dor\u00e9"},"content":{"rendered":"<p>Statue abstraite repr\u00e9sentant un corps f\u00e9minin, bronze \u00e0 patine dor\u00e9e, 18,5 \u00d7 7 \u00d7 5 cm<\/p>","protected":false},"excerpt":{"rendered":"<p>Statue abstraite femme bronze dor\u00e9<\/p>","protected":false},"featured_media":5972,"template":"","meta":{"_acf_changed":false,"inline_featured_image":false},"online_sale":[58],"product_brand":[],"product_cat":[18],"product_tag":[],"class_list":{"0":"post-6278","1":"product","2":"type-product","3":"status-publish","4":"has-post-thumbnail","6":"online_sale-juillet-2025","7":"product_cat-non-classe","9":"first","10":"outofstock","11":"shipping-taxable","12":"purchasable","13":"product-type-auction"},"acf":[],"_links":{"self":[{"href":"https:\/\/letempsjadisauction.com\/nl\/wp-json\/wp\/v2\/product\/6278","targetHints":{"allow":["GET"]}}],"collection":[{"href":"https:\/\/letempsjadisauction.com\/nl\/wp-json\/wp\/v2\/product"}],"about":[{"href":"https:\/\/letempsjadisauction.com\/nl\/wp-json\/wp\/v2\/types\/product"}],"wp:featuredmedia":[{"embeddable":true,"href":"https:\/\/letempsjadisauction.com\/nl\/wp-json\/wp\/v2\/media\/5972"}],"wp:attachment":[{"href":"https:\/\/letempsjadisauction.com\/nl\/wp-json\/wp\/v2\/media?parent=6278"}],"wp:term":[{"taxonomy":"online_sale","embeddable":true,"href":"https:\/\/letempsjadisauction.com\/nl\/wp-json\/wp\/v2\/online_sale?post=6278"},{"taxonomy":"product_brand","embeddable":true,"href":"https:\/\/letempsjadisauction.com\/nl\/wp-json\/wp\/v2\/product_brand?post=6278"},{"taxonomy":"product_cat","embeddable":true,"href":"https:\/\/letempsjadisauction.com\/nl\/wp-json\/wp\/v2\/product_cat?post=6278"},{"taxonomy":"product_tag","embeddable":true,"href":"https:\/\/letempsjadisauction.com\/nl\/wp-json\/wp\/v2\/product_tag?post=6278"}],"curies":[{"name":"wp","href":"https:\/\/api.w.org\/{rel}","templated":true}]}}