{"id":6280,"date":"2025-07-16T11:06:04","date_gmt":"2025-07-16T11:06:04","guid":{"rendered":"https:\/\/letempsjadisauction.com\/?post_type=product&#038;p=6280"},"modified":"2025-07-16T11:06:05","modified_gmt":"2025-07-16T11:06:05","slug":"151-tableaux-cuivre-et-resine-adam-et-eve","status":"publish","type":"product","link":"https:\/\/letempsjadisauction.com\/nl\/veiling\/151-tableaux-cuivre-et-resine-adam-et-eve\/","title":{"rendered":"151-Tableaux cuivre et r\u00e9sine Adam et Eve"},"content":{"rendered":"<p>Petits tableaux en cuivre et r\u00e9sine Adam et Eve, sign\u00e9, 14 x 14 cm<\/p>","protected":false},"excerpt":{"rendered":"<p>Tableaux cuivre et r\u00e9sine Adam et Eve  <\/p>","protected":false},"featured_media":5977,"template":"","meta":{"_acf_changed":false,"inline_featured_image":false},"online_sale":[58],"product_brand":[],"product_cat":[18],"product_tag":[],"class_list":{"0":"post-6280","1":"product","2":"type-product","3":"status-publish","4":"has-post-thumbnail","6":"online_sale-juillet-2025","7":"product_cat-non-classe","9":"first","10":"instock","11":"shipping-taxable","12":"purchasable","13":"product-type-auction"},"acf":[],"_links":{"self":[{"href":"https:\/\/letempsjadisauction.com\/nl\/wp-json\/wp\/v2\/product\/6280","targetHints":{"allow":["GET"]}}],"collection":[{"href":"https:\/\/letempsjadisauction.com\/nl\/wp-json\/wp\/v2\/product"}],"about":[{"href":"https:\/\/letempsjadisauction.com\/nl\/wp-json\/wp\/v2\/types\/product"}],"wp:featuredmedia":[{"embeddable":true,"href":"https:\/\/letempsjadisauction.com\/nl\/wp-json\/wp\/v2\/media\/5977"}],"wp:attachment":[{"href":"https:\/\/letempsjadisauction.com\/nl\/wp-json\/wp\/v2\/media?parent=6280"}],"wp:term":[{"taxonomy":"online_sale","embeddable":true,"href":"https:\/\/letempsjadisauction.com\/nl\/wp-json\/wp\/v2\/online_sale?post=6280"},{"taxonomy":"product_brand","embeddable":true,"href":"https:\/\/letempsjadisauction.com\/nl\/wp-json\/wp\/v2\/product_brand?post=6280"},{"taxonomy":"product_cat","embeddable":true,"href":"https:\/\/letempsjadisauction.com\/nl\/wp-json\/wp\/v2\/product_cat?post=6280"},{"taxonomy":"product_tag","embeddable":true,"href":"https:\/\/letempsjadisauction.com\/nl\/wp-json\/wp\/v2\/product_tag?post=6280"}],"curies":[{"name":"wp","href":"https:\/\/api.w.org\/{rel}","templated":true}]}}