{"id":6286,"date":"2025-07-16T11:06:07","date_gmt":"2025-07-16T11:06:07","guid":{"rendered":"https:\/\/letempsjadisauction.com\/?post_type=product&#038;p=6286"},"modified":"2025-07-30T15:13:04","modified_gmt":"2025-07-30T15:13:04","slug":"157-louis-fontinelle-faisan","status":"publish","type":"product","link":"https:\/\/letempsjadisauction.com\/nl\/veiling\/157-louis-fontinelle-faisan\/","title":{"rendered":"157-Louis Fontinelle \u2013 Faisan"},"content":{"rendered":"<p>Louis Fontinelle (1886-1964), statue repr\u00e9sentant un faisan, signature effac\u00e9e, exclusivit\u00e9 BBR, 35 \u00d7 16 cm.<\/p>","protected":false},"excerpt":{"rendered":"<p>Louis Fontinelle \u2013 Faisan<\/p>","protected":false},"featured_media":5991,"template":"","meta":{"_acf_changed":false,"inline_featured_image":false},"online_sale":[58],"product_brand":[],"product_cat":[18],"product_tag":[],"class_list":{"0":"post-6286","1":"product","2":"type-product","3":"status-publish","4":"has-post-thumbnail","6":"online_sale-juillet-2025","7":"product_cat-non-classe","9":"first","10":"instock","11":"shipping-taxable","12":"purchasable","13":"product-type-auction"},"acf":[],"_links":{"self":[{"href":"https:\/\/letempsjadisauction.com\/nl\/wp-json\/wp\/v2\/product\/6286","targetHints":{"allow":["GET"]}}],"collection":[{"href":"https:\/\/letempsjadisauction.com\/nl\/wp-json\/wp\/v2\/product"}],"about":[{"href":"https:\/\/letempsjadisauction.com\/nl\/wp-json\/wp\/v2\/types\/product"}],"wp:featuredmedia":[{"embeddable":true,"href":"https:\/\/letempsjadisauction.com\/nl\/wp-json\/wp\/v2\/media\/5991"}],"wp:attachment":[{"href":"https:\/\/letempsjadisauction.com\/nl\/wp-json\/wp\/v2\/media?parent=6286"}],"wp:term":[{"taxonomy":"online_sale","embeddable":true,"href":"https:\/\/letempsjadisauction.com\/nl\/wp-json\/wp\/v2\/online_sale?post=6286"},{"taxonomy":"product_brand","embeddable":true,"href":"https:\/\/letempsjadisauction.com\/nl\/wp-json\/wp\/v2\/product_brand?post=6286"},{"taxonomy":"product_cat","embeddable":true,"href":"https:\/\/letempsjadisauction.com\/nl\/wp-json\/wp\/v2\/product_cat?post=6286"},{"taxonomy":"product_tag","embeddable":true,"href":"https:\/\/letempsjadisauction.com\/nl\/wp-json\/wp\/v2\/product_tag?post=6286"}],"curies":[{"name":"wp","href":"https:\/\/api.w.org\/{rel}","templated":true}]}}