{"id":6287,"date":"2025-07-16T11:06:07","date_gmt":"2025-07-16T11:06:07","guid":{"rendered":"https:\/\/letempsjadisauction.com\/?post_type=product&#038;p=6287"},"modified":"2025-07-16T11:06:07","modified_gmt":"2025-07-16T11:06:07","slug":"158-jacob-a-paris-pendule-dofficier","status":"publish","type":"product","link":"https:\/\/letempsjadisauction.com\/nl\/veiling\/158-jacob-a-paris-pendule-dofficier\/","title":{"rendered":"158-Jacob \u00e0 Paris \u2013 Pendule d\u2019officier"},"content":{"rendered":"<p>Jacob \u00e0 Paris, pendule d\u2019officier, laiton dor\u00e9, 12 \u00d7 6,5 \u00d7 8<\/p>","protected":false},"excerpt":{"rendered":"<p>Jacob \u00e0 Paris \u2013 Pendule d\u2019officier  <\/p>","protected":false},"featured_media":5994,"template":"","meta":{"_acf_changed":false,"inline_featured_image":false},"online_sale":[58],"product_brand":[],"product_cat":[18],"product_tag":[],"class_list":{"0":"post-6287","1":"product","2":"type-product","3":"status-publish","4":"has-post-thumbnail","6":"online_sale-juillet-2025","7":"product_cat-non-classe","9":"first","10":"instock","11":"shipping-taxable","12":"purchasable","13":"product-type-auction"},"acf":[],"_links":{"self":[{"href":"https:\/\/letempsjadisauction.com\/nl\/wp-json\/wp\/v2\/product\/6287","targetHints":{"allow":["GET"]}}],"collection":[{"href":"https:\/\/letempsjadisauction.com\/nl\/wp-json\/wp\/v2\/product"}],"about":[{"href":"https:\/\/letempsjadisauction.com\/nl\/wp-json\/wp\/v2\/types\/product"}],"wp:featuredmedia":[{"embeddable":true,"href":"https:\/\/letempsjadisauction.com\/nl\/wp-json\/wp\/v2\/media\/5994"}],"wp:attachment":[{"href":"https:\/\/letempsjadisauction.com\/nl\/wp-json\/wp\/v2\/media?parent=6287"}],"wp:term":[{"taxonomy":"online_sale","embeddable":true,"href":"https:\/\/letempsjadisauction.com\/nl\/wp-json\/wp\/v2\/online_sale?post=6287"},{"taxonomy":"product_brand","embeddable":true,"href":"https:\/\/letempsjadisauction.com\/nl\/wp-json\/wp\/v2\/product_brand?post=6287"},{"taxonomy":"product_cat","embeddable":true,"href":"https:\/\/letempsjadisauction.com\/nl\/wp-json\/wp\/v2\/product_cat?post=6287"},{"taxonomy":"product_tag","embeddable":true,"href":"https:\/\/letempsjadisauction.com\/nl\/wp-json\/wp\/v2\/product_tag?post=6287"}],"curies":[{"name":"wp","href":"https:\/\/api.w.org\/{rel}","templated":true}]}}