{"id":6295,"date":"2025-07-16T11:06:23","date_gmt":"2025-07-16T11:06:23","guid":{"rendered":"https:\/\/letempsjadisauction.com\/?post_type=product&#038;p=6295"},"modified":"2025-07-16T11:06:23","modified_gmt":"2025-07-16T11:06:23","slug":"166-monogramme-lampe-neo-grecque","status":"publish","type":"product","link":"https:\/\/letempsjadisauction.com\/nl\/veiling\/166-monogramme-lampe-neo-grecque\/","title":{"rendered":"166-Monogramme \u2013 Lampe n\u00e9o-grecque"},"content":{"rendered":"<p>Monogramme, lampe n\u00e9o-grecque \u00e0 d\u00e9cors de chevreaux, terre cuite peinte, H. 24,5 cm sans chapeau \u2013 \u00d8 20 cm, sign\u00e9e sous la base.<\/p>","protected":false},"excerpt":{"rendered":"<p>Monogramme \u2013 Lampe n\u00e9o-grecque  <\/p>","protected":false},"featured_media":6010,"template":"","meta":{"_acf_changed":false,"inline_featured_image":false},"online_sale":[58],"product_brand":[],"product_cat":[18],"product_tag":[],"class_list":{"0":"post-6295","1":"product","2":"type-product","3":"status-publish","4":"has-post-thumbnail","6":"online_sale-juillet-2025","7":"product_cat-non-classe","9":"first","10":"instock","11":"shipping-taxable","12":"purchasable","13":"product-type-auction"},"acf":[],"_links":{"self":[{"href":"https:\/\/letempsjadisauction.com\/nl\/wp-json\/wp\/v2\/product\/6295","targetHints":{"allow":["GET"]}}],"collection":[{"href":"https:\/\/letempsjadisauction.com\/nl\/wp-json\/wp\/v2\/product"}],"about":[{"href":"https:\/\/letempsjadisauction.com\/nl\/wp-json\/wp\/v2\/types\/product"}],"wp:featuredmedia":[{"embeddable":true,"href":"https:\/\/letempsjadisauction.com\/nl\/wp-json\/wp\/v2\/media\/6010"}],"wp:attachment":[{"href":"https:\/\/letempsjadisauction.com\/nl\/wp-json\/wp\/v2\/media?parent=6295"}],"wp:term":[{"taxonomy":"online_sale","embeddable":true,"href":"https:\/\/letempsjadisauction.com\/nl\/wp-json\/wp\/v2\/online_sale?post=6295"},{"taxonomy":"product_brand","embeddable":true,"href":"https:\/\/letempsjadisauction.com\/nl\/wp-json\/wp\/v2\/product_brand?post=6295"},{"taxonomy":"product_cat","embeddable":true,"href":"https:\/\/letempsjadisauction.com\/nl\/wp-json\/wp\/v2\/product_cat?post=6295"},{"taxonomy":"product_tag","embeddable":true,"href":"https:\/\/letempsjadisauction.com\/nl\/wp-json\/wp\/v2\/product_tag?post=6295"}],"curies":[{"name":"wp","href":"https:\/\/api.w.org\/{rel}","templated":true}]}}