{"id":6300,"date":"2025-07-16T11:06:25","date_gmt":"2025-07-16T11:06:25","guid":{"rendered":"https:\/\/letempsjadisauction.com\/?post_type=product&#038;p=6300"},"modified":"2025-07-16T11:06:25","modified_gmt":"2025-07-16T11:06:25","slug":"171-travail-italien-zebre-en-porcelaine","status":"publish","type":"product","link":"https:\/\/letempsjadisauction.com\/nl\/veiling\/171-travail-italien-zebre-en-porcelaine\/","title":{"rendered":"171-Travail italien \u2013 Z\u00e8bre en porcelaine"},"content":{"rendered":"<p>Travail italien, z\u00e8bre couch\u00e9, porcelaine \u00e9maill\u00e9e, 20eme si\u00e8cle, 30 \u00d7 22 cm<\/p>","protected":false},"excerpt":{"rendered":"<p>Travail italien \u2013 Z\u00e8bre en porcelaine  <\/p>","protected":false},"featured_media":6022,"template":"","meta":{"_acf_changed":false,"inline_featured_image":false},"online_sale":[58],"product_brand":[],"product_cat":[18],"product_tag":[],"class_list":{"0":"post-6300","1":"product","2":"type-product","3":"status-publish","4":"has-post-thumbnail","6":"online_sale-juillet-2025","7":"product_cat-non-classe","9":"first","10":"instock","11":"shipping-taxable","12":"purchasable","13":"product-type-auction"},"acf":[],"_links":{"self":[{"href":"https:\/\/letempsjadisauction.com\/nl\/wp-json\/wp\/v2\/product\/6300","targetHints":{"allow":["GET"]}}],"collection":[{"href":"https:\/\/letempsjadisauction.com\/nl\/wp-json\/wp\/v2\/product"}],"about":[{"href":"https:\/\/letempsjadisauction.com\/nl\/wp-json\/wp\/v2\/types\/product"}],"wp:featuredmedia":[{"embeddable":true,"href":"https:\/\/letempsjadisauction.com\/nl\/wp-json\/wp\/v2\/media\/6022"}],"wp:attachment":[{"href":"https:\/\/letempsjadisauction.com\/nl\/wp-json\/wp\/v2\/media?parent=6300"}],"wp:term":[{"taxonomy":"online_sale","embeddable":true,"href":"https:\/\/letempsjadisauction.com\/nl\/wp-json\/wp\/v2\/online_sale?post=6300"},{"taxonomy":"product_brand","embeddable":true,"href":"https:\/\/letempsjadisauction.com\/nl\/wp-json\/wp\/v2\/product_brand?post=6300"},{"taxonomy":"product_cat","embeddable":true,"href":"https:\/\/letempsjadisauction.com\/nl\/wp-json\/wp\/v2\/product_cat?post=6300"},{"taxonomy":"product_tag","embeddable":true,"href":"https:\/\/letempsjadisauction.com\/nl\/wp-json\/wp\/v2\/product_tag?post=6300"}],"curies":[{"name":"wp","href":"https:\/\/api.w.org\/{rel}","templated":true}]}}