{"id":6308,"date":"2025-07-16T11:06:24","date_gmt":"2025-07-16T11:06:24","guid":{"rendered":"https:\/\/letempsjadisauction.com\/?post_type=product&#038;p=6308"},"modified":"2025-07-29T08:17:54","modified_gmt":"2025-07-29T08:17:54","slug":"179-paravent-scenes-imperiales","status":"publish","type":"product","link":"https:\/\/letempsjadisauction.com\/nl\/veiling\/179-paravent-scenes-imperiales\/","title":{"rendered":"179-Paravent sc\u00e8nes imp\u00e9riales"},"content":{"rendered":"<p>Paravent \u00e0 quatre panneaux orn\u00e9 de sc\u00e8nes de cour imp\u00e9riale dans un jardin stylis\u00e9, bois laqu\u00e9 et peint, 182 \u00d7 40,5 cm (x4)<\/p>","protected":false},"excerpt":{"rendered":"<p>Paravent sc\u00e8nes imp\u00e9riales  <\/p>","protected":false},"featured_media":6047,"template":"","meta":{"_acf_changed":false,"inline_featured_image":false},"online_sale":[58],"product_brand":[],"product_cat":[18],"product_tag":[],"class_list":{"0":"post-6308","1":"product","2":"type-product","3":"status-publish","4":"has-post-thumbnail","6":"online_sale-juillet-2025","7":"product_cat-non-classe","9":"first","10":"instock","11":"shipping-taxable","12":"purchasable","13":"product-type-auction"},"acf":[],"_links":{"self":[{"href":"https:\/\/letempsjadisauction.com\/nl\/wp-json\/wp\/v2\/product\/6308","targetHints":{"allow":["GET"]}}],"collection":[{"href":"https:\/\/letempsjadisauction.com\/nl\/wp-json\/wp\/v2\/product"}],"about":[{"href":"https:\/\/letempsjadisauction.com\/nl\/wp-json\/wp\/v2\/types\/product"}],"wp:featuredmedia":[{"embeddable":true,"href":"https:\/\/letempsjadisauction.com\/nl\/wp-json\/wp\/v2\/media\/6047"}],"wp:attachment":[{"href":"https:\/\/letempsjadisauction.com\/nl\/wp-json\/wp\/v2\/media?parent=6308"}],"wp:term":[{"taxonomy":"online_sale","embeddable":true,"href":"https:\/\/letempsjadisauction.com\/nl\/wp-json\/wp\/v2\/online_sale?post=6308"},{"taxonomy":"product_brand","embeddable":true,"href":"https:\/\/letempsjadisauction.com\/nl\/wp-json\/wp\/v2\/product_brand?post=6308"},{"taxonomy":"product_cat","embeddable":true,"href":"https:\/\/letempsjadisauction.com\/nl\/wp-json\/wp\/v2\/product_cat?post=6308"},{"taxonomy":"product_tag","embeddable":true,"href":"https:\/\/letempsjadisauction.com\/nl\/wp-json\/wp\/v2\/product_tag?post=6308"}],"curies":[{"name":"wp","href":"https:\/\/api.w.org\/{rel}","templated":true}]}}