{"id":6311,"date":"2025-07-16T11:06:42","date_gmt":"2025-07-16T11:06:42","guid":{"rendered":"https:\/\/letempsjadisauction.com\/?post_type=product&#038;p=6311"},"modified":"2025-07-30T16:02:01","modified_gmt":"2025-07-30T16:02:01","slug":"182-villeroy-boch-trois-vases-vegetaux","status":"publish","type":"product","link":"https:\/\/letempsjadisauction.com\/nl\/veiling\/182-villeroy-boch-trois-vases-vegetaux\/","title":{"rendered":"182-Boch Fr\u00e8res Keramis \u2013 Trois vases v\u00e9g\u00e9taux"},"content":{"rendered":"<p>Boch Fr\u00e8res Keramis, ensemble de trois vases \u00e0 d\u00e9cor v\u00e9g\u00e9tal, gr\u00e8s fin, sign\u00e9 en bas \u00e0 droite, 27 \u00d7 22 cm et 29 x 32 cm<\/p>","protected":false},"excerpt":{"rendered":"<p>Boch Fr\u00e8res Keramis \u2013 Trois vases v\u00e9g\u00e9taux<\/p>","protected":false},"featured_media":6056,"template":"","meta":{"_acf_changed":false,"inline_featured_image":false},"online_sale":[58],"product_brand":[],"product_cat":[18],"product_tag":[],"class_list":{"0":"post-6311","1":"product","2":"type-product","3":"status-publish","4":"has-post-thumbnail","6":"online_sale-juillet-2025","7":"product_cat-non-classe","9":"first","10":"instock","11":"shipping-taxable","12":"purchasable","13":"product-type-auction"},"acf":[],"_links":{"self":[{"href":"https:\/\/letempsjadisauction.com\/nl\/wp-json\/wp\/v2\/product\/6311","targetHints":{"allow":["GET"]}}],"collection":[{"href":"https:\/\/letempsjadisauction.com\/nl\/wp-json\/wp\/v2\/product"}],"about":[{"href":"https:\/\/letempsjadisauction.com\/nl\/wp-json\/wp\/v2\/types\/product"}],"wp:featuredmedia":[{"embeddable":true,"href":"https:\/\/letempsjadisauction.com\/nl\/wp-json\/wp\/v2\/media\/6056"}],"wp:attachment":[{"href":"https:\/\/letempsjadisauction.com\/nl\/wp-json\/wp\/v2\/media?parent=6311"}],"wp:term":[{"taxonomy":"online_sale","embeddable":true,"href":"https:\/\/letempsjadisauction.com\/nl\/wp-json\/wp\/v2\/online_sale?post=6311"},{"taxonomy":"product_brand","embeddable":true,"href":"https:\/\/letempsjadisauction.com\/nl\/wp-json\/wp\/v2\/product_brand?post=6311"},{"taxonomy":"product_cat","embeddable":true,"href":"https:\/\/letempsjadisauction.com\/nl\/wp-json\/wp\/v2\/product_cat?post=6311"},{"taxonomy":"product_tag","embeddable":true,"href":"https:\/\/letempsjadisauction.com\/nl\/wp-json\/wp\/v2\/product_tag?post=6311"}],"curies":[{"name":"wp","href":"https:\/\/api.w.org\/{rel}","templated":true}]}}