{"id":6313,"date":"2025-07-16T11:06:41","date_gmt":"2025-07-16T11:06:41","guid":{"rendered":"https:\/\/letempsjadisauction.com\/?post_type=product&#038;p=6313"},"modified":"2025-07-31T05:26:19","modified_gmt":"2025-07-31T05:26:19","slug":"184-louis-fontinelle-ours-polaire","status":"publish","type":"product","link":"https:\/\/letempsjadisauction.com\/nl\/veiling\/184-louis-fontinelle-ours-polaire\/","title":{"rendered":"184-Louis Fontinelle \u2013 Ours polaire"},"content":{"rendered":"<p>Louis Fontinelle (1886-1964), ours polaire, fa\u00efence craquel\u00e9e, 20eme si\u00e8cle, p\u00e9riode art d\u00e9co, 40 \u00d7 20 \u00d7 20 cm.<\/p>","protected":false},"excerpt":{"rendered":"<p>Louis Fontinelle \u2013 Ours polaire<\/p>","protected":false},"featured_media":6333,"template":"","meta":{"_acf_changed":false,"inline_featured_image":false},"online_sale":[58],"product_brand":[],"product_cat":[18],"product_tag":[],"class_list":{"0":"post-6313","1":"product","2":"type-product","3":"status-publish","4":"has-post-thumbnail","6":"online_sale-juillet-2025","7":"product_cat-non-classe","9":"first","10":"outofstock","11":"shipping-taxable","12":"purchasable","13":"product-type-auction"},"acf":[],"_links":{"self":[{"href":"https:\/\/letempsjadisauction.com\/nl\/wp-json\/wp\/v2\/product\/6313","targetHints":{"allow":["GET"]}}],"collection":[{"href":"https:\/\/letempsjadisauction.com\/nl\/wp-json\/wp\/v2\/product"}],"about":[{"href":"https:\/\/letempsjadisauction.com\/nl\/wp-json\/wp\/v2\/types\/product"}],"wp:featuredmedia":[{"embeddable":true,"href":"https:\/\/letempsjadisauction.com\/nl\/wp-json\/wp\/v2\/media\/6333"}],"wp:attachment":[{"href":"https:\/\/letempsjadisauction.com\/nl\/wp-json\/wp\/v2\/media?parent=6313"}],"wp:term":[{"taxonomy":"online_sale","embeddable":true,"href":"https:\/\/letempsjadisauction.com\/nl\/wp-json\/wp\/v2\/online_sale?post=6313"},{"taxonomy":"product_brand","embeddable":true,"href":"https:\/\/letempsjadisauction.com\/nl\/wp-json\/wp\/v2\/product_brand?post=6313"},{"taxonomy":"product_cat","embeddable":true,"href":"https:\/\/letempsjadisauction.com\/nl\/wp-json\/wp\/v2\/product_cat?post=6313"},{"taxonomy":"product_tag","embeddable":true,"href":"https:\/\/letempsjadisauction.com\/nl\/wp-json\/wp\/v2\/product_tag?post=6313"}],"curies":[{"name":"wp","href":"https:\/\/api.w.org\/{rel}","templated":true}]}}