{"id":6321,"date":"2025-07-16T11:06:43","date_gmt":"2025-07-16T11:06:43","guid":{"rendered":"https:\/\/letempsjadisauction.com\/?post_type=product&#038;p=6321"},"modified":"2025-07-30T16:22:01","modified_gmt":"2025-07-30T16:22:01","slug":"192-baccarat-service-verres-pointes-de-diamants","status":"publish","type":"product","link":"https:\/\/letempsjadisauction.com\/nl\/veiling\/192-baccarat-service-verres-pointes-de-diamants\/","title":{"rendered":"192-Baccarat \u2013 Service verres pointes de diamants"},"content":{"rendered":"<p>Baccarat, partie de service de verres mod\u00e8le \u00e0 pointes de diamants bisaut\u00e9es, forme gondole, compos\u00e9 de &#8211; 2 verres \u00e0 eau &#8211; 23 verres \u00e0 vin rouge &#8211; 15 verres \u00e0 vin blanc &#8211; 12 flutes, verre moul\u00e9, 17 cm, 19,8 cm, 18,5 cm, 17,5 cm<\/p>","protected":false},"excerpt":{"rendered":"<p>Baccarat \u2013 Service verres pointes de diamants<\/p>","protected":false},"featured_media":6087,"template":"","meta":{"_acf_changed":false,"inline_featured_image":false},"online_sale":[58],"product_brand":[],"product_cat":[18],"product_tag":[],"class_list":{"0":"post-6321","1":"product","2":"type-product","3":"status-publish","4":"has-post-thumbnail","6":"online_sale-juillet-2025","7":"product_cat-non-classe","9":"first","10":"instock","11":"shipping-taxable","12":"purchasable","13":"product-type-auction"},"acf":[],"_links":{"self":[{"href":"https:\/\/letempsjadisauction.com\/nl\/wp-json\/wp\/v2\/product\/6321","targetHints":{"allow":["GET"]}}],"collection":[{"href":"https:\/\/letempsjadisauction.com\/nl\/wp-json\/wp\/v2\/product"}],"about":[{"href":"https:\/\/letempsjadisauction.com\/nl\/wp-json\/wp\/v2\/types\/product"}],"wp:featuredmedia":[{"embeddable":true,"href":"https:\/\/letempsjadisauction.com\/nl\/wp-json\/wp\/v2\/media\/6087"}],"wp:attachment":[{"href":"https:\/\/letempsjadisauction.com\/nl\/wp-json\/wp\/v2\/media?parent=6321"}],"wp:term":[{"taxonomy":"online_sale","embeddable":true,"href":"https:\/\/letempsjadisauction.com\/nl\/wp-json\/wp\/v2\/online_sale?post=6321"},{"taxonomy":"product_brand","embeddable":true,"href":"https:\/\/letempsjadisauction.com\/nl\/wp-json\/wp\/v2\/product_brand?post=6321"},{"taxonomy":"product_cat","embeddable":true,"href":"https:\/\/letempsjadisauction.com\/nl\/wp-json\/wp\/v2\/product_cat?post=6321"},{"taxonomy":"product_tag","embeddable":true,"href":"https:\/\/letempsjadisauction.com\/nl\/wp-json\/wp\/v2\/product_tag?post=6321"}],"curies":[{"name":"wp","href":"https:\/\/api.w.org\/{rel}","templated":true}]}}