{"id":6325,"date":"2025-07-16T11:06:42","date_gmt":"2025-07-16T11:06:42","guid":{"rendered":"https:\/\/letempsjadisauction.com\/?post_type=product&#038;p=6325"},"modified":"2025-07-30T16:30:03","modified_gmt":"2025-07-30T16:30:03","slug":"196-henri-langerock-lion-couche-foret","status":"publish","type":"product","link":"https:\/\/letempsjadisauction.com\/nl\/veiling\/196-henri-langerock-lion-couche-foret\/","title":{"rendered":"196-Henri Langerock \u2013 Lion couch\u00e9 for\u00eat"},"content":{"rendered":"<p>Henri Langerock (1830-1915), lion couch\u00e9 dans la foret, huile sur toile, sign\u00e9 en bas \u00e0 gauche, 55 x 44 cm, 59 x 70 cm avec cadre, restaurations<\/p>","protected":false},"excerpt":{"rendered":"<p>Henri Langerock \u2013 Lion couch\u00e9 for\u00eat<\/p>","protected":false},"featured_media":6095,"template":"","meta":{"_acf_changed":false,"inline_featured_image":false},"online_sale":[58],"product_brand":[],"product_cat":[18],"product_tag":[],"class_list":{"0":"post-6325","1":"product","2":"type-product","3":"status-publish","4":"has-post-thumbnail","6":"online_sale-juillet-2025","7":"product_cat-non-classe","9":"first","10":"instock","11":"shipping-taxable","12":"purchasable","13":"product-type-auction"},"acf":[],"_links":{"self":[{"href":"https:\/\/letempsjadisauction.com\/nl\/wp-json\/wp\/v2\/product\/6325","targetHints":{"allow":["GET"]}}],"collection":[{"href":"https:\/\/letempsjadisauction.com\/nl\/wp-json\/wp\/v2\/product"}],"about":[{"href":"https:\/\/letempsjadisauction.com\/nl\/wp-json\/wp\/v2\/types\/product"}],"wp:featuredmedia":[{"embeddable":true,"href":"https:\/\/letempsjadisauction.com\/nl\/wp-json\/wp\/v2\/media\/6095"}],"wp:attachment":[{"href":"https:\/\/letempsjadisauction.com\/nl\/wp-json\/wp\/v2\/media?parent=6325"}],"wp:term":[{"taxonomy":"online_sale","embeddable":true,"href":"https:\/\/letempsjadisauction.com\/nl\/wp-json\/wp\/v2\/online_sale?post=6325"},{"taxonomy":"product_brand","embeddable":true,"href":"https:\/\/letempsjadisauction.com\/nl\/wp-json\/wp\/v2\/product_brand?post=6325"},{"taxonomy":"product_cat","embeddable":true,"href":"https:\/\/letempsjadisauction.com\/nl\/wp-json\/wp\/v2\/product_cat?post=6325"},{"taxonomy":"product_tag","embeddable":true,"href":"https:\/\/letempsjadisauction.com\/nl\/wp-json\/wp\/v2\/product_tag?post=6325"}],"curies":[{"name":"wp","href":"https:\/\/api.w.org\/{rel}","templated":true}]}}