{"id":6327,"date":"2025-07-16T11:06:44","date_gmt":"2025-07-16T11:06:44","guid":{"rendered":"https:\/\/letempsjadisauction.com\/?post_type=product&#038;p=6327"},"modified":"2025-07-30T16:34:01","modified_gmt":"2025-07-30T16:34:01","slug":"198-val-saint-lambert-grande-carafe-et-verres","status":"publish","type":"product","link":"https:\/\/letempsjadisauction.com\/nl\/veiling\/198-val-saint-lambert-grande-carafe-et-verres\/","title":{"rendered":"198-Val Saint Lambert &#8211; grande carafe et verres"},"content":{"rendered":"<p>Cristallerie Val Saint Lambert, grande carafe accompagn\u00e9e de six verres \u00e0 vin, de type roemer, \u00e0 pieds color\u00e9s mod\u00e8le legagneux taille fantaisie, cristal taill\u00e9 \u00e0 la main, 42,5 x 9,5 cm<\/p>","protected":false},"excerpt":{"rendered":"<p>Val Saint Lambert &#8211; grande carafe et verres<\/p>","protected":false},"featured_media":6331,"template":"","meta":{"_acf_changed":false,"inline_featured_image":false},"online_sale":[58],"product_brand":[],"product_cat":[18],"product_tag":[],"class_list":{"0":"post-6327","1":"product","2":"type-product","3":"status-publish","4":"has-post-thumbnail","6":"online_sale-juillet-2025","7":"product_cat-non-classe","9":"first","10":"instock","11":"shipping-taxable","12":"purchasable","13":"product-type-auction"},"acf":[],"_links":{"self":[{"href":"https:\/\/letempsjadisauction.com\/nl\/wp-json\/wp\/v2\/product\/6327","targetHints":{"allow":["GET"]}}],"collection":[{"href":"https:\/\/letempsjadisauction.com\/nl\/wp-json\/wp\/v2\/product"}],"about":[{"href":"https:\/\/letempsjadisauction.com\/nl\/wp-json\/wp\/v2\/types\/product"}],"wp:featuredmedia":[{"embeddable":true,"href":"https:\/\/letempsjadisauction.com\/nl\/wp-json\/wp\/v2\/media\/6331"}],"wp:attachment":[{"href":"https:\/\/letempsjadisauction.com\/nl\/wp-json\/wp\/v2\/media?parent=6327"}],"wp:term":[{"taxonomy":"online_sale","embeddable":true,"href":"https:\/\/letempsjadisauction.com\/nl\/wp-json\/wp\/v2\/online_sale?post=6327"},{"taxonomy":"product_brand","embeddable":true,"href":"https:\/\/letempsjadisauction.com\/nl\/wp-json\/wp\/v2\/product_brand?post=6327"},{"taxonomy":"product_cat","embeddable":true,"href":"https:\/\/letempsjadisauction.com\/nl\/wp-json\/wp\/v2\/product_cat?post=6327"},{"taxonomy":"product_tag","embeddable":true,"href":"https:\/\/letempsjadisauction.com\/nl\/wp-json\/wp\/v2\/product_tag?post=6327"}],"curies":[{"name":"wp","href":"https:\/\/api.w.org\/{rel}","templated":true}]}}