{"id":6328,"date":"2025-07-16T11:06:44","date_gmt":"2025-07-16T11:06:44","guid":{"rendered":"https:\/\/letempsjadisauction.com\/?post_type=product&#038;p=6328"},"modified":"2025-07-30T07:32:47","modified_gmt":"2025-07-30T07:32:47","slug":"199-louis-charles-vandeviord-portrait","status":"publish","type":"product","link":"https:\/\/letempsjadisauction.com\/nl\/veiling\/199-louis-charles-vandeviord-portrait\/","title":{"rendered":"199 &#8211; Louis-Charles Vandeviord &#8211; portrait"},"content":{"rendered":"<p>Louis-Charles Vandeviord (1875-1963), portrait de femme, huile sur toile, 122 x 85 cm, 133 x 96, dat\u00e9 1908, \u00e9tiquette \u00e0 l&rsquo;arri\u00e8re pr\u00e9sentant le portrait comme \u00e9tant L\u00e9onie Sturlen<\/p>","protected":false},"excerpt":{"rendered":"<p>Louis-Charles Vandeviord &#8211; portrait<\/p>","protected":false},"featured_media":6126,"template":"","meta":{"_acf_changed":false,"inline_featured_image":false},"online_sale":[58],"product_brand":[],"product_cat":[18],"product_tag":[],"class_list":{"0":"post-6328","1":"product","2":"type-product","3":"status-publish","4":"has-post-thumbnail","6":"online_sale-juillet-2025","7":"product_cat-non-classe","9":"first","10":"instock","11":"shipping-taxable","12":"purchasable","13":"product-type-auction"},"acf":[],"_links":{"self":[{"href":"https:\/\/letempsjadisauction.com\/nl\/wp-json\/wp\/v2\/product\/6328","targetHints":{"allow":["GET"]}}],"collection":[{"href":"https:\/\/letempsjadisauction.com\/nl\/wp-json\/wp\/v2\/product"}],"about":[{"href":"https:\/\/letempsjadisauction.com\/nl\/wp-json\/wp\/v2\/types\/product"}],"wp:featuredmedia":[{"embeddable":true,"href":"https:\/\/letempsjadisauction.com\/nl\/wp-json\/wp\/v2\/media\/6126"}],"wp:attachment":[{"href":"https:\/\/letempsjadisauction.com\/nl\/wp-json\/wp\/v2\/media?parent=6328"}],"wp:term":[{"taxonomy":"online_sale","embeddable":true,"href":"https:\/\/letempsjadisauction.com\/nl\/wp-json\/wp\/v2\/online_sale?post=6328"},{"taxonomy":"product_brand","embeddable":true,"href":"https:\/\/letempsjadisauction.com\/nl\/wp-json\/wp\/v2\/product_brand?post=6328"},{"taxonomy":"product_cat","embeddable":true,"href":"https:\/\/letempsjadisauction.com\/nl\/wp-json\/wp\/v2\/product_cat?post=6328"},{"taxonomy":"product_tag","embeddable":true,"href":"https:\/\/letempsjadisauction.com\/nl\/wp-json\/wp\/v2\/product_tag?post=6328"}],"curies":[{"name":"wp","href":"https:\/\/api.w.org\/{rel}","templated":true}]}}