{"id":6768,"date":"2025-08-15T05:48:15","date_gmt":"2025-08-15T05:48:15","guid":{"rendered":"https:\/\/letempsjadisauction.com\/?post_type=product&#038;p=6768"},"modified":"2025-08-15T05:48:15","modified_gmt":"2025-08-15T05:48:15","slug":"7-francois-rene-de-chateaubriand","status":"publish","type":"product","link":"https:\/\/letempsjadisauction.com\/nl\/veiling\/7-francois-rene-de-chateaubriand\/","title":{"rendered":"7. Fran\u00e7ois-Ren\u00e9 de Chateaubriand"},"content":{"rendered":"<p>Fran\u00e7ois-Ren\u00e9 de Chateaubriand \u2014 M\u00e9moires d&rsquo;outre-tombe, tome I \u2014 Gallimard, Biblioth\u00e8que de la Pl\u00e9iade \u2014 Coffret<br \/>\nFran\u00e7ois-Ren\u00e9 de Chateaubriand \u2014 M\u00e9moires d&rsquo;outre-tombe, tome II \u2014 Gallimard, Biblioth\u00e8que de la Pl\u00e9iade \u2014 Coffret<br \/>\nFran\u00e7ois-Ren\u00e9 de Chateaubr<\/p>","protected":false},"excerpt":{"rendered":"<p>Fran\u00e7ois-Ren\u00e9 de Chateaubriand<\/p>","protected":false},"featured_media":6389,"template":"","meta":{"_acf_changed":false,"inline_featured_image":false},"online_sale":[60],"product_brand":[],"product_cat":[18],"product_tag":[],"class_list":{"0":"post-6768","1":"product","2":"type-product","3":"status-publish","4":"has-post-thumbnail","6":"online_sale-aout-2025","7":"product_cat-non-classe","9":"first","10":"instock","11":"shipping-taxable","12":"purchasable","13":"product-type-auction"},"acf":[],"_links":{"self":[{"href":"https:\/\/letempsjadisauction.com\/nl\/wp-json\/wp\/v2\/product\/6768","targetHints":{"allow":["GET"]}}],"collection":[{"href":"https:\/\/letempsjadisauction.com\/nl\/wp-json\/wp\/v2\/product"}],"about":[{"href":"https:\/\/letempsjadisauction.com\/nl\/wp-json\/wp\/v2\/types\/product"}],"wp:featuredmedia":[{"embeddable":true,"href":"https:\/\/letempsjadisauction.com\/nl\/wp-json\/wp\/v2\/media\/6389"}],"wp:attachment":[{"href":"https:\/\/letempsjadisauction.com\/nl\/wp-json\/wp\/v2\/media?parent=6768"}],"wp:term":[{"taxonomy":"online_sale","embeddable":true,"href":"https:\/\/letempsjadisauction.com\/nl\/wp-json\/wp\/v2\/online_sale?post=6768"},{"taxonomy":"product_brand","embeddable":true,"href":"https:\/\/letempsjadisauction.com\/nl\/wp-json\/wp\/v2\/product_brand?post=6768"},{"taxonomy":"product_cat","embeddable":true,"href":"https:\/\/letempsjadisauction.com\/nl\/wp-json\/wp\/v2\/product_cat?post=6768"},{"taxonomy":"product_tag","embeddable":true,"href":"https:\/\/letempsjadisauction.com\/nl\/wp-json\/wp\/v2\/product_tag?post=6768"}],"curies":[{"name":"wp","href":"https:\/\/api.w.org\/{rel}","templated":true}]}}