{"id":6793,"date":"2025-08-15T05:48:48","date_gmt":"2025-08-15T05:48:48","guid":{"rendered":"https:\/\/letempsjadisauction.com\/?post_type=product&#038;p=6793"},"modified":"2025-08-15T05:48:48","modified_gmt":"2025-08-15T05:48:48","slug":"32-anthologie-de-la-poesie-et-bilingue","status":"publish","type":"product","link":"https:\/\/letempsjadisauction.com\/nl\/veiling\/32-anthologie-de-la-poesie-et-bilingue\/","title":{"rendered":"32. Anthologie de la po\u00e9sie et bilingue"},"content":{"rendered":"<p>Anthologie de la po\u00e9sie fran\u00e7aise, 2 tomes \u2014 Gallimard, Biblioth\u00e8que de la Pl\u00e9iade \u2014 Coffret<br \/>\nAnthologie bilingue de la po\u00e9sie anglaise \u2014 Gallimard, Biblioth\u00e8que de la Pl\u00e9iade \u2014 Coffret<br \/>\nAnthologie bilingue de la po\u00e9sie espagnole \u2014 Gallimard, Biblioth\u00e8que d<\/p>","protected":false},"excerpt":{"rendered":"<p>Anthologie de la po\u00e9sie et bilingue<\/p>","protected":false},"featured_media":6413,"template":"","meta":{"_acf_changed":false,"inline_featured_image":false},"online_sale":[60],"product_brand":[],"product_cat":[18],"product_tag":[],"class_list":{"0":"post-6793","1":"product","2":"type-product","3":"status-publish","4":"has-post-thumbnail","6":"online_sale-aout-2025","7":"product_cat-non-classe","9":"first","10":"instock","11":"shipping-taxable","12":"purchasable","13":"product-type-auction"},"acf":[],"_links":{"self":[{"href":"https:\/\/letempsjadisauction.com\/nl\/wp-json\/wp\/v2\/product\/6793","targetHints":{"allow":["GET"]}}],"collection":[{"href":"https:\/\/letempsjadisauction.com\/nl\/wp-json\/wp\/v2\/product"}],"about":[{"href":"https:\/\/letempsjadisauction.com\/nl\/wp-json\/wp\/v2\/types\/product"}],"wp:featuredmedia":[{"embeddable":true,"href":"https:\/\/letempsjadisauction.com\/nl\/wp-json\/wp\/v2\/media\/6413"}],"wp:attachment":[{"href":"https:\/\/letempsjadisauction.com\/nl\/wp-json\/wp\/v2\/media?parent=6793"}],"wp:term":[{"taxonomy":"online_sale","embeddable":true,"href":"https:\/\/letempsjadisauction.com\/nl\/wp-json\/wp\/v2\/online_sale?post=6793"},{"taxonomy":"product_brand","embeddable":true,"href":"https:\/\/letempsjadisauction.com\/nl\/wp-json\/wp\/v2\/product_brand?post=6793"},{"taxonomy":"product_cat","embeddable":true,"href":"https:\/\/letempsjadisauction.com\/nl\/wp-json\/wp\/v2\/product_cat?post=6793"},{"taxonomy":"product_tag","embeddable":true,"href":"https:\/\/letempsjadisauction.com\/nl\/wp-json\/wp\/v2\/product_tag?post=6793"}],"curies":[{"name":"wp","href":"https:\/\/api.w.org\/{rel}","templated":true}]}}