{"id":6857,"date":"2025-08-15T05:50:02","date_gmt":"2025-08-15T05:50:02","guid":{"rendered":"https:\/\/letempsjadisauction.com\/?post_type=product&#038;p=6857"},"modified":"2025-08-15T05:50:02","modified_gmt":"2025-08-15T05:50:02","slug":"96-emile-verhaeren-henri-cassiers-toute-la-flandre","status":"publish","type":"product","link":"https:\/\/letempsjadisauction.com\/nl\/veiling\/96-emile-verhaeren-henri-cassiers-toute-la-flandre\/","title":{"rendered":"96. Emile Verhaeren, Henri Cassiers, Toute la Flandre"},"content":{"rendered":"<p>Emile Verhaeren, Henri Cassiers, Toute la flandre, po\u00e8mes choisis, illustrations de H. Cassiers, l&rsquo;\u00e9dition d&rsquo;art H. Piazza, Paris. 1953. Exemplaire num\u00e9rot\u00e9 1001. L&rsquo;un des 1100 exemplaire sur v\u00e9lin pur chiffon de Lana. <\/p>","protected":false},"excerpt":{"rendered":"<p>Emile Verhaeren, Henri Cassiers, Toute la flandre<\/p>","protected":false},"featured_media":6486,"template":"","meta":{"_acf_changed":false,"inline_featured_image":false},"online_sale":[60],"product_brand":[],"product_cat":[18],"product_tag":[],"class_list":{"0":"post-6857","1":"product","2":"type-product","3":"status-publish","4":"has-post-thumbnail","6":"online_sale-aout-2025","7":"product_cat-non-classe","9":"first","10":"instock","11":"shipping-taxable","12":"purchasable","13":"product-type-auction"},"acf":[],"_links":{"self":[{"href":"https:\/\/letempsjadisauction.com\/nl\/wp-json\/wp\/v2\/product\/6857","targetHints":{"allow":["GET"]}}],"collection":[{"href":"https:\/\/letempsjadisauction.com\/nl\/wp-json\/wp\/v2\/product"}],"about":[{"href":"https:\/\/letempsjadisauction.com\/nl\/wp-json\/wp\/v2\/types\/product"}],"wp:featuredmedia":[{"embeddable":true,"href":"https:\/\/letempsjadisauction.com\/nl\/wp-json\/wp\/v2\/media\/6486"}],"wp:attachment":[{"href":"https:\/\/letempsjadisauction.com\/nl\/wp-json\/wp\/v2\/media?parent=6857"}],"wp:term":[{"taxonomy":"online_sale","embeddable":true,"href":"https:\/\/letempsjadisauction.com\/nl\/wp-json\/wp\/v2\/online_sale?post=6857"},{"taxonomy":"product_brand","embeddable":true,"href":"https:\/\/letempsjadisauction.com\/nl\/wp-json\/wp\/v2\/product_brand?post=6857"},{"taxonomy":"product_cat","embeddable":true,"href":"https:\/\/letempsjadisauction.com\/nl\/wp-json\/wp\/v2\/product_cat?post=6857"},{"taxonomy":"product_tag","embeddable":true,"href":"https:\/\/letempsjadisauction.com\/nl\/wp-json\/wp\/v2\/product_tag?post=6857"}],"curies":[{"name":"wp","href":"https:\/\/api.w.org\/{rel}","templated":true}]}}