{"id":6858,"date":"2025-08-15T05:50:02","date_gmt":"2025-08-15T05:50:02","guid":{"rendered":"https:\/\/letempsjadisauction.com\/?post_type=product&#038;p=6858"},"modified":"2025-08-27T13:12:02","modified_gmt":"2025-08-27T13:12:02","slug":"97-emile-verhaeren-theophile-alexandre-steinlen-les-flamandes","status":"publish","type":"product","link":"https:\/\/letempsjadisauction.com\/nl\/veiling\/97-emile-verhaeren-theophile-alexandre-steinlen-les-flamandes\/","title":{"rendered":"97. Emile Verhaeren, Th\u00e9ophile Alexandre Steinlen, Les Flamandes"},"content":{"rendered":"<p>Emile Verhaeren, Th\u00e9ophile Alexandre Steinlen, Les flamandes, exemplaire num\u00e9rot\u00e9 156, sign\u00e9 par les auteurs. Un des 200 exemplaires sur grand velin de Rives comportant l&rsquo;\u00e9tat d\u00e9finitif des illustrations<\/p>","protected":false},"excerpt":{"rendered":"<p>Emile Verhaeren, Th\u00e9ophile Alexandre Steinlen, Les flamandes<\/p>","protected":false},"featured_media":6981,"template":"","meta":{"_acf_changed":false,"inline_featured_image":false},"online_sale":[60],"product_brand":[],"product_cat":[18],"product_tag":[],"class_list":{"0":"post-6858","1":"product","2":"type-product","3":"status-publish","4":"has-post-thumbnail","6":"online_sale-aout-2025","7":"product_cat-non-classe","9":"first","10":"instock","11":"shipping-taxable","12":"purchasable","13":"product-type-auction"},"acf":[],"_links":{"self":[{"href":"https:\/\/letempsjadisauction.com\/nl\/wp-json\/wp\/v2\/product\/6858","targetHints":{"allow":["GET"]}}],"collection":[{"href":"https:\/\/letempsjadisauction.com\/nl\/wp-json\/wp\/v2\/product"}],"about":[{"href":"https:\/\/letempsjadisauction.com\/nl\/wp-json\/wp\/v2\/types\/product"}],"wp:featuredmedia":[{"embeddable":true,"href":"https:\/\/letempsjadisauction.com\/nl\/wp-json\/wp\/v2\/media\/6981"}],"wp:attachment":[{"href":"https:\/\/letempsjadisauction.com\/nl\/wp-json\/wp\/v2\/media?parent=6858"}],"wp:term":[{"taxonomy":"online_sale","embeddable":true,"href":"https:\/\/letempsjadisauction.com\/nl\/wp-json\/wp\/v2\/online_sale?post=6858"},{"taxonomy":"product_brand","embeddable":true,"href":"https:\/\/letempsjadisauction.com\/nl\/wp-json\/wp\/v2\/product_brand?post=6858"},{"taxonomy":"product_cat","embeddable":true,"href":"https:\/\/letempsjadisauction.com\/nl\/wp-json\/wp\/v2\/product_cat?post=6858"},{"taxonomy":"product_tag","embeddable":true,"href":"https:\/\/letempsjadisauction.com\/nl\/wp-json\/wp\/v2\/product_tag?post=6858"}],"curies":[{"name":"wp","href":"https:\/\/api.w.org\/{rel}","templated":true}]}}