{"id":6870,"date":"2025-08-15T05:50:44","date_gmt":"2025-08-15T05:50:44","guid":{"rendered":"https:\/\/letempsjadisauction.com\/?post_type=product&#038;p=6870"},"modified":"2025-08-27T13:36:07","modified_gmt":"2025-08-27T13:36:07","slug":"109-simon-le-bossu-heures-nouvelles-dediees-a-madame-de-chartres","status":"publish","type":"product","link":"https:\/\/letempsjadisauction.com\/nl\/veiling\/109-simon-le-bossu-heures-nouvelles-dediees-a-madame-de-chartres\/","title":{"rendered":"109. Simon le Bossu \u2014 Heures nouvelles d\u00e9di\u00e9es \u00e0 Madame de Chartres"},"content":{"rendered":"<p>Simon le Bossu, Heures nouvelles d\u00e9di\u00e9es \u00e0 Madame de Chartres, Chez Michel Vaugon, 1699, plein maroquin rouge orn\u00e9 de fermoirs figurant des puttis. Pages de titres r\u00e9hauss\u00e9s bleu et or.<\/p>","protected":false},"excerpt":{"rendered":"<p>Simon le Bossu, Heures nouvelles d\u00e9di\u00e9es \u00e0 Madame de Chartres<\/p>","protected":false},"featured_media":6569,"template":"","meta":{"_acf_changed":false,"inline_featured_image":false},"online_sale":[60],"product_brand":[],"product_cat":[18],"product_tag":[],"class_list":{"0":"post-6870","1":"product","2":"type-product","3":"status-publish","4":"has-post-thumbnail","6":"online_sale-aout-2025","7":"product_cat-non-classe","9":"first","10":"instock","11":"shipping-taxable","12":"purchasable","13":"product-type-auction"},"acf":[],"_links":{"self":[{"href":"https:\/\/letempsjadisauction.com\/nl\/wp-json\/wp\/v2\/product\/6870","targetHints":{"allow":["GET"]}}],"collection":[{"href":"https:\/\/letempsjadisauction.com\/nl\/wp-json\/wp\/v2\/product"}],"about":[{"href":"https:\/\/letempsjadisauction.com\/nl\/wp-json\/wp\/v2\/types\/product"}],"wp:featuredmedia":[{"embeddable":true,"href":"https:\/\/letempsjadisauction.com\/nl\/wp-json\/wp\/v2\/media\/6569"}],"wp:attachment":[{"href":"https:\/\/letempsjadisauction.com\/nl\/wp-json\/wp\/v2\/media?parent=6870"}],"wp:term":[{"taxonomy":"online_sale","embeddable":true,"href":"https:\/\/letempsjadisauction.com\/nl\/wp-json\/wp\/v2\/online_sale?post=6870"},{"taxonomy":"product_brand","embeddable":true,"href":"https:\/\/letempsjadisauction.com\/nl\/wp-json\/wp\/v2\/product_brand?post=6870"},{"taxonomy":"product_cat","embeddable":true,"href":"https:\/\/letempsjadisauction.com\/nl\/wp-json\/wp\/v2\/product_cat?post=6870"},{"taxonomy":"product_tag","embeddable":true,"href":"https:\/\/letempsjadisauction.com\/nl\/wp-json\/wp\/v2\/product_tag?post=6870"}],"curies":[{"name":"wp","href":"https:\/\/api.w.org\/{rel}","templated":true}]}}