{"id":6874,"date":"2025-08-15T05:50:43","date_gmt":"2025-08-15T05:50:43","guid":{"rendered":"https:\/\/letempsjadisauction.com\/?post_type=product&#038;p=6874"},"modified":"2025-08-27T13:44:02","modified_gmt":"2025-08-27T13:44:02","slug":"113-oberthur-le-monde-merveilleux-des-betes","status":"publish","type":"product","link":"https:\/\/letempsjadisauction.com\/nl\/veiling\/113-oberthur-le-monde-merveilleux-des-betes\/","title":{"rendered":"113. Oberthur \u2014 Le monde merveilleux des b\u00eates"},"content":{"rendered":"<p>Oberthur, Le monde merveilleux des b\u00eates, 4 tomes, Dural \u00e9diteur. Le chien, Les animaux Primitifs, Grands fauves et autres carnassiers, les g\u00e9ants de la brousse et de la foret.<\/p>","protected":false},"excerpt":{"rendered":"<p>Oberthur, Le monde merveilleux des b\u00eates<\/p>","protected":false},"featured_media":6982,"template":"","meta":{"_acf_changed":false,"inline_featured_image":false},"online_sale":[60],"product_brand":[],"product_cat":[18],"product_tag":[],"class_list":{"0":"post-6874","1":"product","2":"type-product","3":"status-publish","4":"has-post-thumbnail","6":"online_sale-aout-2025","7":"product_cat-non-classe","9":"first","10":"instock","11":"shipping-taxable","12":"purchasable","13":"product-type-auction"},"acf":[],"_links":{"self":[{"href":"https:\/\/letempsjadisauction.com\/nl\/wp-json\/wp\/v2\/product\/6874","targetHints":{"allow":["GET"]}}],"collection":[{"href":"https:\/\/letempsjadisauction.com\/nl\/wp-json\/wp\/v2\/product"}],"about":[{"href":"https:\/\/letempsjadisauction.com\/nl\/wp-json\/wp\/v2\/types\/product"}],"wp:featuredmedia":[{"embeddable":true,"href":"https:\/\/letempsjadisauction.com\/nl\/wp-json\/wp\/v2\/media\/6982"}],"wp:attachment":[{"href":"https:\/\/letempsjadisauction.com\/nl\/wp-json\/wp\/v2\/media?parent=6874"}],"wp:term":[{"taxonomy":"online_sale","embeddable":true,"href":"https:\/\/letempsjadisauction.com\/nl\/wp-json\/wp\/v2\/online_sale?post=6874"},{"taxonomy":"product_brand","embeddable":true,"href":"https:\/\/letempsjadisauction.com\/nl\/wp-json\/wp\/v2\/product_brand?post=6874"},{"taxonomy":"product_cat","embeddable":true,"href":"https:\/\/letempsjadisauction.com\/nl\/wp-json\/wp\/v2\/product_cat?post=6874"},{"taxonomy":"product_tag","embeddable":true,"href":"https:\/\/letempsjadisauction.com\/nl\/wp-json\/wp\/v2\/product_tag?post=6874"}],"curies":[{"name":"wp","href":"https:\/\/api.w.org\/{rel}","templated":true}]}}