{"id":6876,"date":"2025-08-15T05:50:43","date_gmt":"2025-08-15T05:50:43","guid":{"rendered":"https:\/\/letempsjadisauction.com\/?post_type=product&#038;p=6876"},"modified":"2025-08-25T15:33:12","modified_gmt":"2025-08-25T15:33:12","slug":"115-derib-bunny-longway-revolte","status":"publish","type":"product","link":"https:\/\/letempsjadisauction.com\/nl\/veiling\/115-derib-bunny-longway-revolte\/","title":{"rendered":"115. Derib \u2014 Bunny Longway, R\u00e9volte"},"content":{"rendered":"<p>Derib, Bunny Longway, r\u00e9volte, Le Lombard. Exemplaire orn\u00e9 d&rsquo;un dessin-d\u00e9dicace au crayon<\/p>","protected":false},"excerpt":{"rendered":"<p>Derib, Bunny Longway, r\u00e9volte<\/p>","protected":false},"featured_media":6594,"template":"","meta":{"_acf_changed":false,"inline_featured_image":false},"online_sale":[60],"product_brand":[],"product_cat":[18],"product_tag":[],"class_list":{"0":"post-6876","1":"product","2":"type-product","3":"status-publish","4":"has-post-thumbnail","6":"online_sale-aout-2025","7":"product_cat-non-classe","9":"first","10":"instock","11":"shipping-taxable","12":"purchasable","13":"product-type-auction"},"acf":[],"_links":{"self":[{"href":"https:\/\/letempsjadisauction.com\/nl\/wp-json\/wp\/v2\/product\/6876","targetHints":{"allow":["GET"]}}],"collection":[{"href":"https:\/\/letempsjadisauction.com\/nl\/wp-json\/wp\/v2\/product"}],"about":[{"href":"https:\/\/letempsjadisauction.com\/nl\/wp-json\/wp\/v2\/types\/product"}],"wp:featuredmedia":[{"embeddable":true,"href":"https:\/\/letempsjadisauction.com\/nl\/wp-json\/wp\/v2\/media\/6594"}],"wp:attachment":[{"href":"https:\/\/letempsjadisauction.com\/nl\/wp-json\/wp\/v2\/media?parent=6876"}],"wp:term":[{"taxonomy":"online_sale","embeddable":true,"href":"https:\/\/letempsjadisauction.com\/nl\/wp-json\/wp\/v2\/online_sale?post=6876"},{"taxonomy":"product_brand","embeddable":true,"href":"https:\/\/letempsjadisauction.com\/nl\/wp-json\/wp\/v2\/product_brand?post=6876"},{"taxonomy":"product_cat","embeddable":true,"href":"https:\/\/letempsjadisauction.com\/nl\/wp-json\/wp\/v2\/product_cat?post=6876"},{"taxonomy":"product_tag","embeddable":true,"href":"https:\/\/letempsjadisauction.com\/nl\/wp-json\/wp\/v2\/product_tag?post=6876"}],"curies":[{"name":"wp","href":"https:\/\/api.w.org\/{rel}","templated":true}]}}