{"id":6879,"date":"2025-08-15T05:50:45","date_gmt":"2025-08-15T05:50:45","guid":{"rendered":"https:\/\/letempsjadisauction.com\/?post_type=product&#038;p=6879"},"modified":"2025-08-20T08:47:07","modified_gmt":"2025-08-20T08:47:07","slug":"118-jacques-martin-olivier-paques-les-louis-dor","status":"publish","type":"product","link":"https:\/\/letempsjadisauction.com\/nl\/veiling\/118-jacques-martin-olivier-paques-les-louis-dor\/","title":{"rendered":"118. Jacques Martin, Olivier P\u00e2ques \u2014 Les Louis d&rsquo;or"},"content":{"rendered":"<p>Jacques Martin, Olivier P\u00e2ques, Les Louis d&rsquo;or, Casterman. Exemplaire orn\u00e9 d&rsquo;un dessin-d\u00e9dicace au crayon<\/p>","protected":false},"excerpt":{"rendered":"<p>Jacques Martin, Olivier P\u00e2ques, Les Louis d&rsquo;or<\/p>","protected":false},"featured_media":6600,"template":"","meta":{"_acf_changed":false,"inline_featured_image":false},"online_sale":[60],"product_brand":[],"product_cat":[18],"product_tag":[],"class_list":{"0":"post-6879","1":"product","2":"type-product","3":"status-publish","4":"has-post-thumbnail","6":"online_sale-aout-2025","7":"product_cat-non-classe","9":"first","10":"instock","11":"shipping-taxable","12":"purchasable","13":"product-type-auction"},"acf":[],"_links":{"self":[{"href":"https:\/\/letempsjadisauction.com\/nl\/wp-json\/wp\/v2\/product\/6879","targetHints":{"allow":["GET"]}}],"collection":[{"href":"https:\/\/letempsjadisauction.com\/nl\/wp-json\/wp\/v2\/product"}],"about":[{"href":"https:\/\/letempsjadisauction.com\/nl\/wp-json\/wp\/v2\/types\/product"}],"wp:featuredmedia":[{"embeddable":true,"href":"https:\/\/letempsjadisauction.com\/nl\/wp-json\/wp\/v2\/media\/6600"}],"wp:attachment":[{"href":"https:\/\/letempsjadisauction.com\/nl\/wp-json\/wp\/v2\/media?parent=6879"}],"wp:term":[{"taxonomy":"online_sale","embeddable":true,"href":"https:\/\/letempsjadisauction.com\/nl\/wp-json\/wp\/v2\/online_sale?post=6879"},{"taxonomy":"product_brand","embeddable":true,"href":"https:\/\/letempsjadisauction.com\/nl\/wp-json\/wp\/v2\/product_brand?post=6879"},{"taxonomy":"product_cat","embeddable":true,"href":"https:\/\/letempsjadisauction.com\/nl\/wp-json\/wp\/v2\/product_cat?post=6879"},{"taxonomy":"product_tag","embeddable":true,"href":"https:\/\/letempsjadisauction.com\/nl\/wp-json\/wp\/v2\/product_tag?post=6879"}],"curies":[{"name":"wp","href":"https:\/\/api.w.org\/{rel}","templated":true}]}}