{"id":6881,"date":"2025-08-15T05:50:45","date_gmt":"2025-08-15T05:50:45","guid":{"rendered":"https:\/\/letempsjadisauction.com\/?post_type=product&#038;p=6881"},"modified":"2025-08-27T13:58:03","modified_gmt":"2025-08-27T13:58:03","slug":"120-paul-hermans-j-f-charles-esquisses-et-toiles","status":"publish","type":"product","link":"https:\/\/letempsjadisauction.com\/nl\/veiling\/120-paul-hermans-j-f-charles-esquisses-et-toiles\/","title":{"rendered":"120. Paul Hermans, J.F. Charles \u2014 esquisses et toiles"},"content":{"rendered":"<p>Paul Hermans, J.F. Charles, esquisses et toiles, Gl\u00e9nat, Exemplaire orn\u00e9 d&rsquo;un dessin-d\u00e9dicace au crayon et feutre<\/p>","protected":false},"excerpt":{"rendered":"<p>Paul Hermans, J.F. Charles, esquisses et toiles<\/p>","protected":false},"featured_media":6604,"template":"","meta":{"_acf_changed":false,"inline_featured_image":false},"online_sale":[60],"product_brand":[],"product_cat":[18],"product_tag":[],"class_list":{"0":"post-6881","1":"product","2":"type-product","3":"status-publish","4":"has-post-thumbnail","6":"online_sale-aout-2025","7":"product_cat-non-classe","9":"first","10":"instock","11":"shipping-taxable","12":"purchasable","13":"product-type-auction"},"acf":[],"_links":{"self":[{"href":"https:\/\/letempsjadisauction.com\/nl\/wp-json\/wp\/v2\/product\/6881","targetHints":{"allow":["GET"]}}],"collection":[{"href":"https:\/\/letempsjadisauction.com\/nl\/wp-json\/wp\/v2\/product"}],"about":[{"href":"https:\/\/letempsjadisauction.com\/nl\/wp-json\/wp\/v2\/types\/product"}],"wp:featuredmedia":[{"embeddable":true,"href":"https:\/\/letempsjadisauction.com\/nl\/wp-json\/wp\/v2\/media\/6604"}],"wp:attachment":[{"href":"https:\/\/letempsjadisauction.com\/nl\/wp-json\/wp\/v2\/media?parent=6881"}],"wp:term":[{"taxonomy":"online_sale","embeddable":true,"href":"https:\/\/letempsjadisauction.com\/nl\/wp-json\/wp\/v2\/online_sale?post=6881"},{"taxonomy":"product_brand","embeddable":true,"href":"https:\/\/letempsjadisauction.com\/nl\/wp-json\/wp\/v2\/product_brand?post=6881"},{"taxonomy":"product_cat","embeddable":true,"href":"https:\/\/letempsjadisauction.com\/nl\/wp-json\/wp\/v2\/product_cat?post=6881"},{"taxonomy":"product_tag","embeddable":true,"href":"https:\/\/letempsjadisauction.com\/nl\/wp-json\/wp\/v2\/product_tag?post=6881"}],"curies":[{"name":"wp","href":"https:\/\/api.w.org\/{rel}","templated":true}]}}