{"id":6917,"date":"2025-08-15T05:51:50","date_gmt":"2025-08-15T05:51:50","guid":{"rendered":"https:\/\/letempsjadisauction.com\/?post_type=product&#038;p=6917"},"modified":"2025-08-27T15:10:02","modified_gmt":"2025-08-27T15:10:02","slug":"156-instruction-sur-les-verites-de-la-religion","status":"publish","type":"product","link":"https:\/\/letempsjadisauction.com\/nl\/veiling\/156-instruction-sur-les-verites-de-la-religion\/","title":{"rendered":"156. Instruction sur les v\u00e9rit\u00e9s de la religion"},"content":{"rendered":"<p>Instruction sur les v\u00e9rit\u00e9s de la religion<\/p>","protected":false},"excerpt":{"rendered":"<p>Instruction sur les v\u00e9rit\u00e9s de la religion<\/p>","protected":false},"featured_media":6998,"template":"","meta":{"_acf_changed":false,"inline_featured_image":false},"online_sale":[60],"product_brand":[],"product_cat":[18],"product_tag":[],"class_list":{"0":"post-6917","1":"product","2":"type-product","3":"status-publish","4":"has-post-thumbnail","6":"online_sale-aout-2025","7":"product_cat-non-classe","9":"first","10":"instock","11":"shipping-taxable","12":"purchasable","13":"product-type-auction"},"acf":[],"_links":{"self":[{"href":"https:\/\/letempsjadisauction.com\/nl\/wp-json\/wp\/v2\/product\/6917","targetHints":{"allow":["GET"]}}],"collection":[{"href":"https:\/\/letempsjadisauction.com\/nl\/wp-json\/wp\/v2\/product"}],"about":[{"href":"https:\/\/letempsjadisauction.com\/nl\/wp-json\/wp\/v2\/types\/product"}],"wp:featuredmedia":[{"embeddable":true,"href":"https:\/\/letempsjadisauction.com\/nl\/wp-json\/wp\/v2\/media\/6998"}],"wp:attachment":[{"href":"https:\/\/letempsjadisauction.com\/nl\/wp-json\/wp\/v2\/media?parent=6917"}],"wp:term":[{"taxonomy":"online_sale","embeddable":true,"href":"https:\/\/letempsjadisauction.com\/nl\/wp-json\/wp\/v2\/online_sale?post=6917"},{"taxonomy":"product_brand","embeddable":true,"href":"https:\/\/letempsjadisauction.com\/nl\/wp-json\/wp\/v2\/product_brand?post=6917"},{"taxonomy":"product_cat","embeddable":true,"href":"https:\/\/letempsjadisauction.com\/nl\/wp-json\/wp\/v2\/product_cat?post=6917"},{"taxonomy":"product_tag","embeddable":true,"href":"https:\/\/letempsjadisauction.com\/nl\/wp-json\/wp\/v2\/product_tag?post=6917"}],"curies":[{"name":"wp","href":"https:\/\/api.w.org\/{rel}","templated":true}]}}