{"id":6919,"date":"2025-08-15T05:51:29","date_gmt":"2025-08-15T05:51:29","guid":{"rendered":"https:\/\/letempsjadisauction.com\/?post_type=product&#038;p=6919"},"modified":"2025-08-27T15:14:03","modified_gmt":"2025-08-27T15:14:03","slug":"158-la-sainte-bible-traduite-sous-la-direction","status":"publish","type":"product","link":"https:\/\/letempsjadisauction.com\/nl\/veiling\/158-la-sainte-bible-traduite-sous-la-direction\/","title":{"rendered":"158. la sainte bible traduite sous la direction de l&rsquo;\u00e9cole biblique de J\u00e9rusalem"},"content":{"rendered":"<p>la sainte bible traduite sous la direction de l&rsquo;\u00e9cole biblique de J\u00e9rusalem, num\u00e9rot\u00e9\u00a0 1403, 3000 gravures d&rsquo;Andr\u00e9 Balint, exemplaire sur v\u00e9lin cr\u00e8me<\/p>","protected":false},"excerpt":{"rendered":"<p>la sainte bible traduite sous la direction de l&rsquo;\u00e9cole biblique de J\u00e9rusalem<\/p>","protected":false},"featured_media":6670,"template":"","meta":{"_acf_changed":false,"inline_featured_image":false},"online_sale":[60],"product_brand":[],"product_cat":[18],"product_tag":[],"class_list":{"0":"post-6919","1":"product","2":"type-product","3":"status-publish","4":"has-post-thumbnail","6":"online_sale-aout-2025","7":"product_cat-non-classe","9":"first","10":"instock","11":"shipping-taxable","12":"purchasable","13":"product-type-auction"},"acf":[],"_links":{"self":[{"href":"https:\/\/letempsjadisauction.com\/nl\/wp-json\/wp\/v2\/product\/6919","targetHints":{"allow":["GET"]}}],"collection":[{"href":"https:\/\/letempsjadisauction.com\/nl\/wp-json\/wp\/v2\/product"}],"about":[{"href":"https:\/\/letempsjadisauction.com\/nl\/wp-json\/wp\/v2\/types\/product"}],"wp:featuredmedia":[{"embeddable":true,"href":"https:\/\/letempsjadisauction.com\/nl\/wp-json\/wp\/v2\/media\/6670"}],"wp:attachment":[{"href":"https:\/\/letempsjadisauction.com\/nl\/wp-json\/wp\/v2\/media?parent=6919"}],"wp:term":[{"taxonomy":"online_sale","embeddable":true,"href":"https:\/\/letempsjadisauction.com\/nl\/wp-json\/wp\/v2\/online_sale?post=6919"},{"taxonomy":"product_brand","embeddable":true,"href":"https:\/\/letempsjadisauction.com\/nl\/wp-json\/wp\/v2\/product_brand?post=6919"},{"taxonomy":"product_cat","embeddable":true,"href":"https:\/\/letempsjadisauction.com\/nl\/wp-json\/wp\/v2\/product_cat?post=6919"},{"taxonomy":"product_tag","embeddable":true,"href":"https:\/\/letempsjadisauction.com\/nl\/wp-json\/wp\/v2\/product_tag?post=6919"}],"curies":[{"name":"wp","href":"https:\/\/api.w.org\/{rel}","templated":true}]}}