{"id":6920,"date":"2025-08-15T05:51:28","date_gmt":"2025-08-15T05:51:28","guid":{"rendered":"https:\/\/letempsjadisauction.com\/?post_type=product&#038;p=6920"},"modified":"2025-08-25T20:31:48","modified_gmt":"2025-08-25T20:31:48","slug":"159-a-redoute-treasury-468-watercolours-from-les-liliacees","status":"publish","type":"product","link":"https:\/\/letempsjadisauction.com\/nl\/veiling\/159-a-redoute-treasury-468-watercolours-from-les-liliacees\/","title":{"rendered":"159. A redout\u00e9 treasury 468 watercolours from les liliac\u00e9es"},"content":{"rendered":"<p>A redout\u00e9 treasury 468 watercolours from les liliac\u00e9es<\/p>","protected":false},"excerpt":{"rendered":"<p>A redout\u00e9 treasury 468 watercolours from les liliac\u00e9es<\/p>","protected":false},"featured_media":6677,"template":"","meta":{"_acf_changed":false,"inline_featured_image":false},"online_sale":[60],"product_brand":[],"product_cat":[18],"product_tag":[],"class_list":{"0":"post-6920","1":"product","2":"type-product","3":"status-publish","4":"has-post-thumbnail","6":"online_sale-aout-2025","7":"product_cat-non-classe","9":"first","10":"instock","11":"shipping-taxable","12":"purchasable","13":"product-type-auction"},"acf":[],"_links":{"self":[{"href":"https:\/\/letempsjadisauction.com\/nl\/wp-json\/wp\/v2\/product\/6920","targetHints":{"allow":["GET"]}}],"collection":[{"href":"https:\/\/letempsjadisauction.com\/nl\/wp-json\/wp\/v2\/product"}],"about":[{"href":"https:\/\/letempsjadisauction.com\/nl\/wp-json\/wp\/v2\/types\/product"}],"wp:featuredmedia":[{"embeddable":true,"href":"https:\/\/letempsjadisauction.com\/nl\/wp-json\/wp\/v2\/media\/6677"}],"wp:attachment":[{"href":"https:\/\/letempsjadisauction.com\/nl\/wp-json\/wp\/v2\/media?parent=6920"}],"wp:term":[{"taxonomy":"online_sale","embeddable":true,"href":"https:\/\/letempsjadisauction.com\/nl\/wp-json\/wp\/v2\/online_sale?post=6920"},{"taxonomy":"product_brand","embeddable":true,"href":"https:\/\/letempsjadisauction.com\/nl\/wp-json\/wp\/v2\/product_brand?post=6920"},{"taxonomy":"product_cat","embeddable":true,"href":"https:\/\/letempsjadisauction.com\/nl\/wp-json\/wp\/v2\/product_cat?post=6920"},{"taxonomy":"product_tag","embeddable":true,"href":"https:\/\/letempsjadisauction.com\/nl\/wp-json\/wp\/v2\/product_tag?post=6920"}],"curies":[{"name":"wp","href":"https:\/\/api.w.org\/{rel}","templated":true}]}}