{"id":6936,"date":"2025-08-15T05:52:14","date_gmt":"2025-08-15T05:52:14","guid":{"rendered":"https:\/\/letempsjadisauction.com\/?post_type=product&#038;p=6936"},"modified":"2025-08-15T05:52:14","modified_gmt":"2025-08-15T05:52:14","slug":"175-anonyme-scene-de-decapitation-lavis-dencre","status":"publish","type":"product","link":"https:\/\/letempsjadisauction.com\/nl\/veiling\/175-anonyme-scene-de-decapitation-lavis-dencre\/","title":{"rendered":"175. Anonyme, sc\u00e8ne de d\u00e9capitation, lavis d&rsquo;encre"},"content":{"rendered":"<p>Anonyme, sc\u00e8ne de d\u00e9capitation, lavis d&rsquo;encre sur papier r\u00e9encoll\u00e9 sur un autre papier, 26 x 31,5 cm, 42,5 x 52 cm avec cadre<\/p>","protected":false},"excerpt":{"rendered":"<p>Anonyme, sc\u00e8ne de d\u00e9capitation, lavis d&rsquo;encre<\/p>","protected":false},"featured_media":6709,"template":"","meta":{"_acf_changed":false,"inline_featured_image":false},"online_sale":[60],"product_brand":[],"product_cat":[18],"product_tag":[],"class_list":{"0":"post-6936","1":"product","2":"type-product","3":"status-publish","4":"has-post-thumbnail","6":"online_sale-aout-2025","7":"product_cat-non-classe","9":"first","10":"instock","11":"shipping-taxable","12":"purchasable","13":"product-type-auction"},"acf":[],"_links":{"self":[{"href":"https:\/\/letempsjadisauction.com\/nl\/wp-json\/wp\/v2\/product\/6936","targetHints":{"allow":["GET"]}}],"collection":[{"href":"https:\/\/letempsjadisauction.com\/nl\/wp-json\/wp\/v2\/product"}],"about":[{"href":"https:\/\/letempsjadisauction.com\/nl\/wp-json\/wp\/v2\/types\/product"}],"wp:featuredmedia":[{"embeddable":true,"href":"https:\/\/letempsjadisauction.com\/nl\/wp-json\/wp\/v2\/media\/6709"}],"wp:attachment":[{"href":"https:\/\/letempsjadisauction.com\/nl\/wp-json\/wp\/v2\/media?parent=6936"}],"wp:term":[{"taxonomy":"online_sale","embeddable":true,"href":"https:\/\/letempsjadisauction.com\/nl\/wp-json\/wp\/v2\/online_sale?post=6936"},{"taxonomy":"product_brand","embeddable":true,"href":"https:\/\/letempsjadisauction.com\/nl\/wp-json\/wp\/v2\/product_brand?post=6936"},{"taxonomy":"product_cat","embeddable":true,"href":"https:\/\/letempsjadisauction.com\/nl\/wp-json\/wp\/v2\/product_cat?post=6936"},{"taxonomy":"product_tag","embeddable":true,"href":"https:\/\/letempsjadisauction.com\/nl\/wp-json\/wp\/v2\/product_tag?post=6936"}],"curies":[{"name":"wp","href":"https:\/\/api.w.org\/{rel}","templated":true}]}}