{"id":6940,"date":"2025-08-15T05:51:53","date_gmt":"2025-08-15T05:51:53","guid":{"rendered":"https:\/\/letempsjadisauction.com\/?post_type=product&#038;p=6940"},"modified":"2025-08-20T09:04:32","modified_gmt":"2025-08-20T09:04:32","slug":"179-g-germain-scene-de-vie-domestique","status":"publish","type":"product","link":"https:\/\/letempsjadisauction.com\/nl\/veiling\/179-g-germain-scene-de-vie-domestique\/","title":{"rendered":"179. G. Germain, sc\u00e8ne de vie domestique"},"content":{"rendered":"<p>G. Germain, sc\u00e8ne de vie domestique, aquarelle sur papier, 19eme si\u00e8cle, 33 x 26 cm, 43 x 53 cm avec cadre<\/p>","protected":false},"excerpt":{"rendered":"<p>G. Germain, sc\u00e8ne de vie domestique<\/p>","protected":false},"featured_media":6712,"template":"","meta":{"_acf_changed":false,"inline_featured_image":false},"online_sale":[60],"product_brand":[],"product_cat":[18],"product_tag":[],"class_list":{"0":"post-6940","1":"product","2":"type-product","3":"status-publish","4":"has-post-thumbnail","6":"online_sale-aout-2025","7":"product_cat-non-classe","9":"first","10":"instock","11":"shipping-taxable","12":"purchasable","13":"product-type-auction"},"acf":[],"_links":{"self":[{"href":"https:\/\/letempsjadisauction.com\/nl\/wp-json\/wp\/v2\/product\/6940","targetHints":{"allow":["GET"]}}],"collection":[{"href":"https:\/\/letempsjadisauction.com\/nl\/wp-json\/wp\/v2\/product"}],"about":[{"href":"https:\/\/letempsjadisauction.com\/nl\/wp-json\/wp\/v2\/types\/product"}],"wp:featuredmedia":[{"embeddable":true,"href":"https:\/\/letempsjadisauction.com\/nl\/wp-json\/wp\/v2\/media\/6712"}],"wp:attachment":[{"href":"https:\/\/letempsjadisauction.com\/nl\/wp-json\/wp\/v2\/media?parent=6940"}],"wp:term":[{"taxonomy":"online_sale","embeddable":true,"href":"https:\/\/letempsjadisauction.com\/nl\/wp-json\/wp\/v2\/online_sale?post=6940"},{"taxonomy":"product_brand","embeddable":true,"href":"https:\/\/letempsjadisauction.com\/nl\/wp-json\/wp\/v2\/product_brand?post=6940"},{"taxonomy":"product_cat","embeddable":true,"href":"https:\/\/letempsjadisauction.com\/nl\/wp-json\/wp\/v2\/product_cat?post=6940"},{"taxonomy":"product_tag","embeddable":true,"href":"https:\/\/letempsjadisauction.com\/nl\/wp-json\/wp\/v2\/product_tag?post=6940"}],"curies":[{"name":"wp","href":"https:\/\/api.w.org\/{rel}","templated":true}]}}