{"id":7682,"date":"2025-09-06T18:09:06","date_gmt":"2025-09-06T18:09:06","guid":{"rendered":"https:\/\/letempsjadisauction.com\/?post_type=product&#038;p=7682"},"modified":"2025-09-24T10:27:43","modified_gmt":"2025-09-24T10:27:43","slug":"4-grande-ammonite-fossilisee-cretace-inferieur-aptien-albien-%c2%b1-110-a-130-millions-dannees","status":"publish","type":"product","link":"https:\/\/letempsjadisauction.com\/nl\/veiling\/4-grande-ammonite-fossilisee-cretace-inferieur-aptien-albien-%c2%b1-110-a-130-millions-dannees\/","title":{"rendered":"4. Grande ammonite fossilis\u00e9e \u2013 Cr\u00e9tac\u00e9 inf\u00e9rieur (Aptien\u2013Albien), \u00b1 110 \u00e0 130 millions d\u2019ann\u00e9es"},"content":{"rendered":"<p>Description compl\u00e8te visible dans le catalogue PDF <a href=\"https:\/\/online.fliphtml5.com\/khmkgb\/wear\/#p=8\" target=\"_blank\" rel=\"noopener\">https:\/\/online.fliphtml5.com\/khmkgb\/wear\/#p=8<\/a><\/p>","protected":false},"excerpt":{"rendered":"<p>Grande ammonite fossilis\u00e9e \u2013 Cr\u00e9tac\u00e9 inf\u00e9rieur (Aptien\u2013Albien), \u00b1 110 \u00e0 130 millions d\u2019ann\u00e9es<\/p>","protected":false},"featured_media":8098,"template":"","meta":{"_acf_changed":false,"inline_featured_image":false},"online_sale":[61],"product_brand":[],"product_cat":[18],"product_tag":[],"class_list":{"0":"post-7682","1":"product","2":"type-product","3":"status-publish","4":"has-post-thumbnail","6":"online_sale-septembre-2025","7":"product_cat-non-classe","9":"first","10":"instock","11":"shipping-taxable","12":"purchasable","13":"product-type-auction"},"acf":[],"_links":{"self":[{"href":"https:\/\/letempsjadisauction.com\/nl\/wp-json\/wp\/v2\/product\/7682","targetHints":{"allow":["GET"]}}],"collection":[{"href":"https:\/\/letempsjadisauction.com\/nl\/wp-json\/wp\/v2\/product"}],"about":[{"href":"https:\/\/letempsjadisauction.com\/nl\/wp-json\/wp\/v2\/types\/product"}],"wp:featuredmedia":[{"embeddable":true,"href":"https:\/\/letempsjadisauction.com\/nl\/wp-json\/wp\/v2\/media\/8098"}],"wp:attachment":[{"href":"https:\/\/letempsjadisauction.com\/nl\/wp-json\/wp\/v2\/media?parent=7682"}],"wp:term":[{"taxonomy":"online_sale","embeddable":true,"href":"https:\/\/letempsjadisauction.com\/nl\/wp-json\/wp\/v2\/online_sale?post=7682"},{"taxonomy":"product_brand","embeddable":true,"href":"https:\/\/letempsjadisauction.com\/nl\/wp-json\/wp\/v2\/product_brand?post=7682"},{"taxonomy":"product_cat","embeddable":true,"href":"https:\/\/letempsjadisauction.com\/nl\/wp-json\/wp\/v2\/product_cat?post=7682"},{"taxonomy":"product_tag","embeddable":true,"href":"https:\/\/letempsjadisauction.com\/nl\/wp-json\/wp\/v2\/product_tag?post=7682"}],"curies":[{"name":"wp","href":"https:\/\/api.w.org\/{rel}","templated":true}]}}