{"id":7735,"date":"2025-09-06T18:09:51","date_gmt":"2025-09-06T18:09:51","guid":{"rendered":"https:\/\/letempsjadisauction.com\/?post_type=product&#038;p=7735"},"modified":"2025-09-24T11:52:08","modified_gmt":"2025-09-24T11:52:08","slug":"57-pichet-en-verre-souffle-empoli-italie-decor-orange-noir-annees-1970","status":"publish","type":"product","link":"https:\/\/letempsjadisauction.com\/nl\/veiling\/57-pichet-en-verre-souffle-empoli-italie-decor-orange-noir-annees-1970\/","title":{"rendered":"57. Pichet en verre souffl\u00e9 \u2013 Empoli (Italie), d\u00e9cor orange &#038; noir, ann\u00e9es 1970"},"content":{"rendered":"<p>Description compl\u00e8te visible dans le catalogue PDF <a href=\"https:\/\/online.fliphtml5.com\/khmkgb\/wear\/#p=62\" target=\"_blank\" rel=\"noopener\">https:\/\/online.fliphtml5.com\/khmkgb\/wear\/#p=62<\/a><\/p>","protected":false},"excerpt":{"rendered":"<p>Pichet en verre souffl\u00e9 \u2013 Empoli (Italie), d\u00e9cor orange &amp; noir, ann\u00e9es 1970<\/p>","protected":false},"featured_media":8152,"template":"","meta":{"_acf_changed":false,"inline_featured_image":false},"online_sale":[61],"product_brand":[],"product_cat":[18],"product_tag":[],"class_list":{"0":"post-7735","1":"product","2":"type-product","3":"status-publish","4":"has-post-thumbnail","6":"online_sale-septembre-2025","7":"product_cat-non-classe","9":"first","10":"instock","11":"shipping-taxable","12":"purchasable","13":"product-type-auction"},"acf":[],"_links":{"self":[{"href":"https:\/\/letempsjadisauction.com\/nl\/wp-json\/wp\/v2\/product\/7735","targetHints":{"allow":["GET"]}}],"collection":[{"href":"https:\/\/letempsjadisauction.com\/nl\/wp-json\/wp\/v2\/product"}],"about":[{"href":"https:\/\/letempsjadisauction.com\/nl\/wp-json\/wp\/v2\/types\/product"}],"wp:featuredmedia":[{"embeddable":true,"href":"https:\/\/letempsjadisauction.com\/nl\/wp-json\/wp\/v2\/media\/8152"}],"wp:attachment":[{"href":"https:\/\/letempsjadisauction.com\/nl\/wp-json\/wp\/v2\/media?parent=7735"}],"wp:term":[{"taxonomy":"online_sale","embeddable":true,"href":"https:\/\/letempsjadisauction.com\/nl\/wp-json\/wp\/v2\/online_sale?post=7735"},{"taxonomy":"product_brand","embeddable":true,"href":"https:\/\/letempsjadisauction.com\/nl\/wp-json\/wp\/v2\/product_brand?post=7735"},{"taxonomy":"product_cat","embeddable":true,"href":"https:\/\/letempsjadisauction.com\/nl\/wp-json\/wp\/v2\/product_cat?post=7735"},{"taxonomy":"product_tag","embeddable":true,"href":"https:\/\/letempsjadisauction.com\/nl\/wp-json\/wp\/v2\/product_tag?post=7735"}],"curies":[{"name":"wp","href":"https:\/\/api.w.org\/{rel}","templated":true}]}}