{"id":7739,"date":"2025-09-06T18:09:52","date_gmt":"2025-09-06T18:09:52","guid":{"rendered":"https:\/\/letempsjadisauction.com\/?post_type=product&#038;p=7739"},"modified":"2025-09-24T12:00:38","modified_gmt":"2025-09-24T12:00:38","slug":"61-odette-dijeux-1921-2020-grand-vase-en-ceramique-emaillee-belgique-vers-1955","status":"publish","type":"product","link":"https:\/\/letempsjadisauction.com\/nl\/veiling\/61-odette-dijeux-1921-2020-grand-vase-en-ceramique-emaillee-belgique-vers-1955\/","title":{"rendered":"61. Odette Dijeux (1921\u20132020) Grand vase en c\u00e9ramique \u00e9maill\u00e9e \u2013 Belgique, vers 1955"},"content":{"rendered":"<p>Description compl\u00e8te visible dans le catalogue PDF <a href=\"https:\/\/online.fliphtml5.com\/khmkgb\/wear\/#p=66\" target=\"_blank\" rel=\"noopener\">https:\/\/online.fliphtml5.com\/khmkgb\/wear\/#p=66<\/a><\/p>","protected":false},"excerpt":{"rendered":"<p>Odette Dijeux (1921\u20132020) Grand vase en c\u00e9ramique \u00e9maill\u00e9e \u2013 Belgique, vers 1955<\/p>","protected":false},"featured_media":8139,"template":"","meta":{"_acf_changed":false,"inline_featured_image":false},"online_sale":[61],"product_brand":[],"product_cat":[18],"product_tag":[],"class_list":{"0":"post-7739","1":"product","2":"type-product","3":"status-publish","4":"has-post-thumbnail","6":"online_sale-septembre-2025","7":"product_cat-non-classe","9":"first","10":"instock","11":"shipping-taxable","12":"purchasable","13":"product-type-auction"},"acf":[],"_links":{"self":[{"href":"https:\/\/letempsjadisauction.com\/nl\/wp-json\/wp\/v2\/product\/7739","targetHints":{"allow":["GET"]}}],"collection":[{"href":"https:\/\/letempsjadisauction.com\/nl\/wp-json\/wp\/v2\/product"}],"about":[{"href":"https:\/\/letempsjadisauction.com\/nl\/wp-json\/wp\/v2\/types\/product"}],"wp:featuredmedia":[{"embeddable":true,"href":"https:\/\/letempsjadisauction.com\/nl\/wp-json\/wp\/v2\/media\/8139"}],"wp:attachment":[{"href":"https:\/\/letempsjadisauction.com\/nl\/wp-json\/wp\/v2\/media?parent=7739"}],"wp:term":[{"taxonomy":"online_sale","embeddable":true,"href":"https:\/\/letempsjadisauction.com\/nl\/wp-json\/wp\/v2\/online_sale?post=7739"},{"taxonomy":"product_brand","embeddable":true,"href":"https:\/\/letempsjadisauction.com\/nl\/wp-json\/wp\/v2\/product_brand?post=7739"},{"taxonomy":"product_cat","embeddable":true,"href":"https:\/\/letempsjadisauction.com\/nl\/wp-json\/wp\/v2\/product_cat?post=7739"},{"taxonomy":"product_tag","embeddable":true,"href":"https:\/\/letempsjadisauction.com\/nl\/wp-json\/wp\/v2\/product_tag?post=7739"}],"curies":[{"name":"wp","href":"https:\/\/api.w.org\/{rel}","templated":true}]}}