{"id":7753,"date":"2025-09-06T18:10:11","date_gmt":"2025-09-06T18:10:11","guid":{"rendered":"https:\/\/letempsjadisauction.com\/?post_type=product&#038;p=7753"},"modified":"2025-09-24T12:28:05","modified_gmt":"2025-09-24T12:28:05","slug":"75-miroir-mural-asymetrique-modele-depose-mosaique-coloree","status":"publish","type":"product","link":"https:\/\/letempsjadisauction.com\/nl\/veiling\/75-miroir-mural-asymetrique-modele-depose-mosaique-coloree\/","title":{"rendered":"75. Miroir mural asym\u00e9trique, mod\u00e8le d\u00e9pos\u00e9 \u2013 mosa\u00efque color\u00e9e"},"content":{"rendered":"<p>Description compl\u00e8te visible dans le catalogue PDF <a href=\"https:\/\/online.fliphtml5.com\/khmkgb\/wear\/#p=79\" target=\"_blank\" rel=\"noopener\">https:\/\/online.fliphtml5.com\/khmkgb\/wear\/#p=79<\/a><\/p>","protected":false},"excerpt":{"rendered":"<p>Miroir mural asym\u00e9trique, mod\u00e8le d\u00e9pos\u00e9 \u2013 mosa\u00efque color\u00e9e<\/p>","protected":false},"featured_media":8081,"template":"","meta":{"_acf_changed":false,"inline_featured_image":false},"online_sale":[61],"product_brand":[],"product_cat":[18],"product_tag":[],"class_list":{"0":"post-7753","1":"product","2":"type-product","3":"status-publish","4":"has-post-thumbnail","6":"online_sale-septembre-2025","7":"product_cat-non-classe","9":"first","10":"instock","11":"shipping-taxable","12":"purchasable","13":"product-type-auction"},"acf":[],"_links":{"self":[{"href":"https:\/\/letempsjadisauction.com\/nl\/wp-json\/wp\/v2\/product\/7753","targetHints":{"allow":["GET"]}}],"collection":[{"href":"https:\/\/letempsjadisauction.com\/nl\/wp-json\/wp\/v2\/product"}],"about":[{"href":"https:\/\/letempsjadisauction.com\/nl\/wp-json\/wp\/v2\/types\/product"}],"wp:featuredmedia":[{"embeddable":true,"href":"https:\/\/letempsjadisauction.com\/nl\/wp-json\/wp\/v2\/media\/8081"}],"wp:attachment":[{"href":"https:\/\/letempsjadisauction.com\/nl\/wp-json\/wp\/v2\/media?parent=7753"}],"wp:term":[{"taxonomy":"online_sale","embeddable":true,"href":"https:\/\/letempsjadisauction.com\/nl\/wp-json\/wp\/v2\/online_sale?post=7753"},{"taxonomy":"product_brand","embeddable":true,"href":"https:\/\/letempsjadisauction.com\/nl\/wp-json\/wp\/v2\/product_brand?post=7753"},{"taxonomy":"product_cat","embeddable":true,"href":"https:\/\/letempsjadisauction.com\/nl\/wp-json\/wp\/v2\/product_cat?post=7753"},{"taxonomy":"product_tag","embeddable":true,"href":"https:\/\/letempsjadisauction.com\/nl\/wp-json\/wp\/v2\/product_tag?post=7753"}],"curies":[{"name":"wp","href":"https:\/\/api.w.org\/{rel}","templated":true}]}}