{"id":7788,"date":"2025-09-06T18:10:48","date_gmt":"2025-09-06T18:10:48","guid":{"rendered":"https:\/\/letempsjadisauction.com\/?post_type=product&#038;p=7788"},"modified":"2025-09-26T12:20:07","modified_gmt":"2025-09-26T12:20:07","slug":"110-console-murale-demi-lune-en-verre-fume-ep-2-cm-et-metal-chrome-europe-vers-1970","status":"publish","type":"product","link":"https:\/\/letempsjadisauction.com\/nl\/veiling\/110-console-murale-demi-lune-en-verre-fume-ep-2-cm-et-metal-chrome-europe-vers-1970\/","title":{"rendered":"110. Console murale demi-lune en verre fum\u00e9 (\u00e9p. 2 cm) et m\u00e9tal chrom\u00e9 Europe, vers 1970"},"content":{"rendered":"<p><span style=\"color: #e41f00 !important;font-weight: 500 !important;background-color: rgb(226 15 15 \/ 8%);display: block;padding: 10px 16px;border: 1px solid #e41f00;\">Prix de r\u00e9serve non atteint.<\/span><br \/>\nDescription compl\u00e8te visible dans le catalogue PDF <a href=\"https:\/\/online.fliphtml5.com\/khmkgb\/wear\/#p=114\" target=\"_blank\" rel=\"noopener\">https:\/\/online.fliphtml5.com\/khmkgb\/wear\/#p=114<\/a><\/p>","protected":false},"excerpt":{"rendered":"<p>Console murale demi-lune en verre fum\u00e9 (\u00e9p. 2 cm) et m\u00e9tal chrom\u00e9 Europe, vers 1970<\/p>","protected":false},"featured_media":8158,"template":"","meta":{"_acf_changed":false,"inline_featured_image":false},"online_sale":[61],"product_brand":[],"product_cat":[18],"product_tag":[],"class_list":{"0":"post-7788","1":"product","2":"type-product","3":"status-publish","4":"has-post-thumbnail","6":"online_sale-septembre-2025","7":"product_cat-non-classe","9":"first","10":"instock","11":"shipping-taxable","12":"purchasable","13":"product-type-auction"},"acf":[],"_links":{"self":[{"href":"https:\/\/letempsjadisauction.com\/nl\/wp-json\/wp\/v2\/product\/7788","targetHints":{"allow":["GET"]}}],"collection":[{"href":"https:\/\/letempsjadisauction.com\/nl\/wp-json\/wp\/v2\/product"}],"about":[{"href":"https:\/\/letempsjadisauction.com\/nl\/wp-json\/wp\/v2\/types\/product"}],"wp:featuredmedia":[{"embeddable":true,"href":"https:\/\/letempsjadisauction.com\/nl\/wp-json\/wp\/v2\/media\/8158"}],"wp:attachment":[{"href":"https:\/\/letempsjadisauction.com\/nl\/wp-json\/wp\/v2\/media?parent=7788"}],"wp:term":[{"taxonomy":"online_sale","embeddable":true,"href":"https:\/\/letempsjadisauction.com\/nl\/wp-json\/wp\/v2\/online_sale?post=7788"},{"taxonomy":"product_brand","embeddable":true,"href":"https:\/\/letempsjadisauction.com\/nl\/wp-json\/wp\/v2\/product_brand?post=7788"},{"taxonomy":"product_cat","embeddable":true,"href":"https:\/\/letempsjadisauction.com\/nl\/wp-json\/wp\/v2\/product_cat?post=7788"},{"taxonomy":"product_tag","embeddable":true,"href":"https:\/\/letempsjadisauction.com\/nl\/wp-json\/wp\/v2\/product_tag?post=7788"}],"curies":[{"name":"wp","href":"https:\/\/api.w.org\/{rel}","templated":true}]}}