{"id":7811,"date":"2025-09-06T18:11:10","date_gmt":"2025-09-06T18:11:10","guid":{"rendered":"https:\/\/letempsjadisauction.com\/?post_type=product&#038;p=7811"},"modified":"2025-09-24T18:08:46","modified_gmt":"2025-09-24T18:08:46","slug":"133-ensemble-de-15-miniatures-harley-davidson-maisto-collection-complete-de-15-modeles-harley-davidson-en-metal-et-plastique-echelle-1","status":"publish","type":"product","link":"https:\/\/letempsjadisauction.com\/nl\/veiling\/133-ensemble-de-15-miniatures-harley-davidson-maisto-collection-complete-de-15-modeles-harley-davidson-en-metal-et-plastique-echelle-1\/","title":{"rendered":"133. Ensemble de 15 miniatures Harley-Davidson, Maisto Collection compl\u00e8te de 15 mod\u00e8les Harley-Davidson en m\u00e9tal et plastique, \u00e9chelle 1\/"},"content":{"rendered":"<p>Description compl\u00e8te visible dans le catalogue PDF <a href=\"https:\/\/online.fliphtml5.com\/khmkgb\/wear\/#p=137\" target=\"_blank\" rel=\"noopener\">https:\/\/online.fliphtml5.com\/khmkgb\/wear\/#p=137<\/a><\/p>","protected":false},"excerpt":{"rendered":"<p>Ensemble de 15 miniatures Harley-Davidson, Maisto Collection compl\u00e8te de 15 mod\u00e8les Harley-Davidson en m\u00e9tal et plastique, \u00e9chelle 1\/<\/p>","protected":false},"featured_media":8047,"template":"","meta":{"_acf_changed":false,"inline_featured_image":false},"online_sale":[61],"product_brand":[],"product_cat":[18],"product_tag":[],"class_list":{"0":"post-7811","1":"product","2":"type-product","3":"status-publish","4":"has-post-thumbnail","6":"online_sale-septembre-2025","7":"product_cat-non-classe","9":"first","10":"outofstock","11":"shipping-taxable","12":"purchasable","13":"product-type-auction"},"acf":[],"_links":{"self":[{"href":"https:\/\/letempsjadisauction.com\/nl\/wp-json\/wp\/v2\/product\/7811","targetHints":{"allow":["GET"]}}],"collection":[{"href":"https:\/\/letempsjadisauction.com\/nl\/wp-json\/wp\/v2\/product"}],"about":[{"href":"https:\/\/letempsjadisauction.com\/nl\/wp-json\/wp\/v2\/types\/product"}],"wp:featuredmedia":[{"embeddable":true,"href":"https:\/\/letempsjadisauction.com\/nl\/wp-json\/wp\/v2\/media\/8047"}],"wp:attachment":[{"href":"https:\/\/letempsjadisauction.com\/nl\/wp-json\/wp\/v2\/media?parent=7811"}],"wp:term":[{"taxonomy":"online_sale","embeddable":true,"href":"https:\/\/letempsjadisauction.com\/nl\/wp-json\/wp\/v2\/online_sale?post=7811"},{"taxonomy":"product_brand","embeddable":true,"href":"https:\/\/letempsjadisauction.com\/nl\/wp-json\/wp\/v2\/product_brand?post=7811"},{"taxonomy":"product_cat","embeddable":true,"href":"https:\/\/letempsjadisauction.com\/nl\/wp-json\/wp\/v2\/product_cat?post=7811"},{"taxonomy":"product_tag","embeddable":true,"href":"https:\/\/letempsjadisauction.com\/nl\/wp-json\/wp\/v2\/product_tag?post=7811"}],"curies":[{"name":"wp","href":"https:\/\/api.w.org\/{rel}","templated":true}]}}