{"id":7854,"date":"2025-09-06T18:12:05","date_gmt":"2025-09-06T18:12:05","guid":{"rendered":"https:\/\/letempsjadisauction.com\/?post_type=product&#038;p=7854"},"modified":"2025-09-24T15:50:15","modified_gmt":"2025-09-24T15:50:15","slug":"176-grand-panneau-votif-sculpte-en-bois-dore-cambodge-ou-laos-style-post-bayon-ou-ecole-mon-birmanisante-xixe-siecle","status":"publish","type":"product","link":"https:\/\/letempsjadisauction.com\/nl\/veiling\/176-grand-panneau-votif-sculpte-en-bois-dore-cambodge-ou-laos-style-post-bayon-ou-ecole-mon-birmanisante-xixe-siecle\/","title":{"rendered":"176. Grand panneau votif sculpt\u00e9 en bois dor\u00e9 Cambodge ou Laos, style post-Bayon ou \u00e9cole mon-birmanisante, XIXe si\u00e8cle"},"content":{"rendered":"<p>Description compl\u00e8te visible dans le catalogue PDF <a href=\"https:\/\/online.fliphtml5.com\/khmkgb\/wear\/#p=176\" target=\"_blank\" rel=\"noopener\">https:\/\/online.fliphtml5.com\/khmkgb\/wear\/#p=176<\/a><\/p>","protected":false},"excerpt":{"rendered":"<p>Grand panneau votif sculpt\u00e9 en bois dor\u00e9 Cambodge ou Laos, style post-Bayon ou \u00e9cole mon-birmanisante, XIXe si\u00e8cle<\/p>","protected":false},"featured_media":7880,"template":"","meta":{"_acf_changed":false,"inline_featured_image":false},"online_sale":[61],"product_brand":[],"product_cat":[18],"product_tag":[],"class_list":{"0":"post-7854","1":"product","2":"type-product","3":"status-publish","4":"has-post-thumbnail","6":"online_sale-septembre-2025","7":"product_cat-non-classe","9":"first","10":"instock","11":"shipping-taxable","12":"purchasable","13":"product-type-auction"},"acf":[],"_links":{"self":[{"href":"https:\/\/letempsjadisauction.com\/nl\/wp-json\/wp\/v2\/product\/7854","targetHints":{"allow":["GET"]}}],"collection":[{"href":"https:\/\/letempsjadisauction.com\/nl\/wp-json\/wp\/v2\/product"}],"about":[{"href":"https:\/\/letempsjadisauction.com\/nl\/wp-json\/wp\/v2\/types\/product"}],"wp:featuredmedia":[{"embeddable":true,"href":"https:\/\/letempsjadisauction.com\/nl\/wp-json\/wp\/v2\/media\/7880"}],"wp:attachment":[{"href":"https:\/\/letempsjadisauction.com\/nl\/wp-json\/wp\/v2\/media?parent=7854"}],"wp:term":[{"taxonomy":"online_sale","embeddable":true,"href":"https:\/\/letempsjadisauction.com\/nl\/wp-json\/wp\/v2\/online_sale?post=7854"},{"taxonomy":"product_brand","embeddable":true,"href":"https:\/\/letempsjadisauction.com\/nl\/wp-json\/wp\/v2\/product_brand?post=7854"},{"taxonomy":"product_cat","embeddable":true,"href":"https:\/\/letempsjadisauction.com\/nl\/wp-json\/wp\/v2\/product_cat?post=7854"},{"taxonomy":"product_tag","embeddable":true,"href":"https:\/\/letempsjadisauction.com\/nl\/wp-json\/wp\/v2\/product_tag?post=7854"}],"curies":[{"name":"wp","href":"https:\/\/api.w.org\/{rel}","templated":true}]}}