{"id":9059,"date":"2025-10-11T18:11:08","date_gmt":"2025-10-11T18:11:08","guid":{"rendered":"https:\/\/letempsjadisauction.com\/?post_type=product&#038;p=9059"},"modified":"2025-10-11T18:11:08","modified_gmt":"2025-10-11T18:11:08","slug":"5-paire-danges-agenouilles-en-bois-sculpte-et-dore","status":"publish","type":"product","link":"https:\/\/letempsjadisauction.com\/nl\/enchere\/5-paire-danges-agenouilles-en-bois-sculpte-et-dore\/","title":{"rendered":"5. Paire d\u2019anges agenouill\u00e9s en bois sculpt\u00e9 et dor\u00e9"},"content":{"rendered":"<p>Paire de statues d&rsquo;anges agenouill\u00e9s, bois sculpt\u00e9, enduit et dor\u00e9, manques, H. 34 cm<\/p>","protected":false},"excerpt":{"rendered":"<p>Paire d\u2019anges agenouill\u00e9s en bois sculpt\u00e9 et dor\u00e9<\/p>","protected":false},"featured_media":8210,"template":"","meta":{"_acf_changed":false,"inline_featured_image":false},"online_sale":[62],"product_brand":[],"product_cat":[18],"product_tag":[],"class_list":{"0":"post-9059","1":"product","2":"type-product","3":"status-publish","4":"has-post-thumbnail","6":"online_sale-octobre-2025","7":"product_cat-non-classe","9":"first","10":"instock","11":"shipping-taxable","12":"purchasable","13":"product-type-auction"},"acf":[],"_links":{"self":[{"href":"https:\/\/letempsjadisauction.com\/nl\/wp-json\/wp\/v2\/product\/9059","targetHints":{"allow":["GET"]}}],"collection":[{"href":"https:\/\/letempsjadisauction.com\/nl\/wp-json\/wp\/v2\/product"}],"about":[{"href":"https:\/\/letempsjadisauction.com\/nl\/wp-json\/wp\/v2\/types\/product"}],"wp:featuredmedia":[{"embeddable":true,"href":"https:\/\/letempsjadisauction.com\/nl\/wp-json\/wp\/v2\/media\/8210"}],"wp:attachment":[{"href":"https:\/\/letempsjadisauction.com\/nl\/wp-json\/wp\/v2\/media?parent=9059"}],"wp:term":[{"taxonomy":"online_sale","embeddable":true,"href":"https:\/\/letempsjadisauction.com\/nl\/wp-json\/wp\/v2\/online_sale?post=9059"},{"taxonomy":"product_brand","embeddable":true,"href":"https:\/\/letempsjadisauction.com\/nl\/wp-json\/wp\/v2\/product_brand?post=9059"},{"taxonomy":"product_cat","embeddable":true,"href":"https:\/\/letempsjadisauction.com\/nl\/wp-json\/wp\/v2\/product_cat?post=9059"},{"taxonomy":"product_tag","embeddable":true,"href":"https:\/\/letempsjadisauction.com\/nl\/wp-json\/wp\/v2\/product_tag?post=9059"}],"curies":[{"name":"wp","href":"https:\/\/api.w.org\/{rel}","templated":true}]}}