{"id":9064,"date":"2025-10-11T18:11:10","date_gmt":"2025-10-11T18:11:10","guid":{"rendered":"https:\/\/letempsjadisauction.com\/?post_type=product&#038;p=9064"},"modified":"2025-10-11T18:11:10","modified_gmt":"2025-10-11T18:11:10","slug":"10-saint-georges-terrassant-le-dragon-haut-relief-en-bois-polychrome","status":"publish","type":"product","link":"https:\/\/letempsjadisauction.com\/nl\/veiling\/10-saint-georges-terrassant-le-dragon-haut-relief-en-bois-polychrome\/","title":{"rendered":"10. Saint Georges terrassant le dragon, haut-relief en bois polychrome"},"content":{"rendered":"<p>Haut-relief repr\u00e9sentant Saint Georges terrassant le dragon, bois sculpt\u00e9 et polychrome, travail populaire, 23 \u00d7 66 cm<\/p>","protected":false},"excerpt":{"rendered":"<p>Saint Georges terrassant le dragon, haut-relief en bois polychrome<\/p>","protected":false},"featured_media":8227,"template":"","meta":{"_acf_changed":false,"inline_featured_image":false},"online_sale":[62],"product_brand":[],"product_cat":[18],"product_tag":[],"class_list":{"0":"post-9064","1":"product","2":"type-product","3":"status-publish","4":"has-post-thumbnail","6":"online_sale-octobre-2025","7":"product_cat-non-classe","9":"first","10":"instock","11":"shipping-taxable","12":"purchasable","13":"product-type-auction"},"acf":[],"_links":{"self":[{"href":"https:\/\/letempsjadisauction.com\/nl\/wp-json\/wp\/v2\/product\/9064","targetHints":{"allow":["GET"]}}],"collection":[{"href":"https:\/\/letempsjadisauction.com\/nl\/wp-json\/wp\/v2\/product"}],"about":[{"href":"https:\/\/letempsjadisauction.com\/nl\/wp-json\/wp\/v2\/types\/product"}],"wp:featuredmedia":[{"embeddable":true,"href":"https:\/\/letempsjadisauction.com\/nl\/wp-json\/wp\/v2\/media\/8227"}],"wp:attachment":[{"href":"https:\/\/letempsjadisauction.com\/nl\/wp-json\/wp\/v2\/media?parent=9064"}],"wp:term":[{"taxonomy":"online_sale","embeddable":true,"href":"https:\/\/letempsjadisauction.com\/nl\/wp-json\/wp\/v2\/online_sale?post=9064"},{"taxonomy":"product_brand","embeddable":true,"href":"https:\/\/letempsjadisauction.com\/nl\/wp-json\/wp\/v2\/product_brand?post=9064"},{"taxonomy":"product_cat","embeddable":true,"href":"https:\/\/letempsjadisauction.com\/nl\/wp-json\/wp\/v2\/product_cat?post=9064"},{"taxonomy":"product_tag","embeddable":true,"href":"https:\/\/letempsjadisauction.com\/nl\/wp-json\/wp\/v2\/product_tag?post=9064"}],"curies":[{"name":"wp","href":"https:\/\/api.w.org\/{rel}","templated":true}]}}