{"id":9066,"date":"2025-10-11T18:11:09","date_gmt":"2025-10-11T18:11:09","guid":{"rendered":"https:\/\/letempsjadisauction.com\/?post_type=product&#038;p=9066"},"modified":"2025-10-29T11:22:04","modified_gmt":"2025-10-29T11:22:04","slug":"12-christ-en-croix-dans-un-cadre-en-bois-dore-sculpte","status":"publish","type":"product","link":"https:\/\/letempsjadisauction.com\/nl\/veiling\/12-christ-en-croix-dans-un-cadre-en-bois-dore-sculpte\/","title":{"rendered":"12. Christ en croix sculpt\u00e9 dans un cadre en bois dor\u00e9"},"content":{"rendered":"<p>Christ en croix sculpt\u00e9 dans un cadre en bois dor\u00e9 de fleurs et feuillages, bois sculpt\u00e9, probablement XVIII\u1d49 si\u00e8cle, 34 \u00d7 48 cm, Christ = 23 \u00d7 19 cm<\/p>","protected":false},"excerpt":{"rendered":"<p>Christ en croix sculp\u00e9 dans un cadre en bois dor\u00e9<\/p>","protected":false},"featured_media":8233,"template":"","meta":{"_acf_changed":false,"inline_featured_image":false},"online_sale":[62],"product_brand":[],"product_cat":[18],"product_tag":[],"class_list":{"0":"post-9066","1":"product","2":"type-product","3":"status-publish","4":"has-post-thumbnail","6":"online_sale-octobre-2025","7":"product_cat-non-classe","9":"first","10":"instock","11":"shipping-taxable","12":"purchasable","13":"product-type-auction"},"acf":[],"_links":{"self":[{"href":"https:\/\/letempsjadisauction.com\/nl\/wp-json\/wp\/v2\/product\/9066","targetHints":{"allow":["GET"]}}],"collection":[{"href":"https:\/\/letempsjadisauction.com\/nl\/wp-json\/wp\/v2\/product"}],"about":[{"href":"https:\/\/letempsjadisauction.com\/nl\/wp-json\/wp\/v2\/types\/product"}],"wp:featuredmedia":[{"embeddable":true,"href":"https:\/\/letempsjadisauction.com\/nl\/wp-json\/wp\/v2\/media\/8233"}],"wp:attachment":[{"href":"https:\/\/letempsjadisauction.com\/nl\/wp-json\/wp\/v2\/media?parent=9066"}],"wp:term":[{"taxonomy":"online_sale","embeddable":true,"href":"https:\/\/letempsjadisauction.com\/nl\/wp-json\/wp\/v2\/online_sale?post=9066"},{"taxonomy":"product_brand","embeddable":true,"href":"https:\/\/letempsjadisauction.com\/nl\/wp-json\/wp\/v2\/product_brand?post=9066"},{"taxonomy":"product_cat","embeddable":true,"href":"https:\/\/letempsjadisauction.com\/nl\/wp-json\/wp\/v2\/product_cat?post=9066"},{"taxonomy":"product_tag","embeddable":true,"href":"https:\/\/letempsjadisauction.com\/nl\/wp-json\/wp\/v2\/product_tag?post=9066"}],"curies":[{"name":"wp","href":"https:\/\/api.w.org\/{rel}","templated":true}]}}