{"id":9073,"date":"2025-10-11T18:11:11","date_gmt":"2025-10-11T18:11:11","guid":{"rendered":"https:\/\/letempsjadisauction.com\/?post_type=product&#038;p=9073"},"modified":"2025-10-11T18:11:11","modified_gmt":"2025-10-11T18:11:11","slug":"19-vase-art-nouveau-au-visage-de-femme-cuivre-et-laiton","status":"publish","type":"product","link":"https:\/\/letempsjadisauction.com\/nl\/veiling\/19-vase-art-nouveau-au-visage-de-femme-cuivre-et-laiton\/","title":{"rendered":"19. Vase Art Nouveau au visage de femme, cuivre et laiton"},"content":{"rendered":"<p>Vase Art Nouveau orn\u00e9 d&rsquo;un visage de femme, cuivre martel\u00e9, laiton, vers 1900, cachet sous la base, 61 \u00d7 37 cm<\/p>","protected":false},"excerpt":{"rendered":"<p>Vase Art Nouveau au visage de femme, cuivre et laiton<\/p>","protected":false},"featured_media":8257,"template":"","meta":{"_acf_changed":false,"inline_featured_image":false},"online_sale":[62],"product_brand":[],"product_cat":[18],"product_tag":[],"class_list":{"0":"post-9073","1":"product","2":"type-product","3":"status-publish","4":"has-post-thumbnail","6":"online_sale-octobre-2025","7":"product_cat-non-classe","9":"first","10":"instock","11":"shipping-taxable","12":"purchasable","13":"product-type-auction"},"acf":[],"_links":{"self":[{"href":"https:\/\/letempsjadisauction.com\/nl\/wp-json\/wp\/v2\/product\/9073","targetHints":{"allow":["GET"]}}],"collection":[{"href":"https:\/\/letempsjadisauction.com\/nl\/wp-json\/wp\/v2\/product"}],"about":[{"href":"https:\/\/letempsjadisauction.com\/nl\/wp-json\/wp\/v2\/types\/product"}],"wp:featuredmedia":[{"embeddable":true,"href":"https:\/\/letempsjadisauction.com\/nl\/wp-json\/wp\/v2\/media\/8257"}],"wp:attachment":[{"href":"https:\/\/letempsjadisauction.com\/nl\/wp-json\/wp\/v2\/media?parent=9073"}],"wp:term":[{"taxonomy":"online_sale","embeddable":true,"href":"https:\/\/letempsjadisauction.com\/nl\/wp-json\/wp\/v2\/online_sale?post=9073"},{"taxonomy":"product_brand","embeddable":true,"href":"https:\/\/letempsjadisauction.com\/nl\/wp-json\/wp\/v2\/product_brand?post=9073"},{"taxonomy":"product_cat","embeddable":true,"href":"https:\/\/letempsjadisauction.com\/nl\/wp-json\/wp\/v2\/product_cat?post=9073"},{"taxonomy":"product_tag","embeddable":true,"href":"https:\/\/letempsjadisauction.com\/nl\/wp-json\/wp\/v2\/product_tag?post=9073"}],"curies":[{"name":"wp","href":"https:\/\/api.w.org\/{rel}","templated":true}]}}