{"id":9079,"date":"2025-10-11T18:11:31","date_gmt":"2025-10-11T18:11:31","guid":{"rendered":"https:\/\/letempsjadisauction.com\/?post_type=product&#038;p=9079"},"modified":"2025-10-26T10:55:43","modified_gmt":"2025-10-26T10:55:43","slug":"25-paire-dappliques-murales-octogonales-en-cuivre-martele","status":"publish","type":"product","link":"https:\/\/letempsjadisauction.com\/nl\/veiling\/25-paire-dappliques-murales-octogonales-en-cuivre-martele\/","title":{"rendered":"25. Paire d\u2019appliques murales octogonales en cuivre martel\u00e9"},"content":{"rendered":"<p>Paire d&rsquo;appliques murales de forme octogonale, cuivre martel\u00e9 et repouss\u00e9, 39,5 \u00d7 38 cm<\/p>","protected":false},"excerpt":{"rendered":"<p>Paire d\u2019appliques murales octogonales en cuivre martel\u00e9<\/p>","protected":false},"featured_media":8271,"template":"","meta":{"_acf_changed":false,"inline_featured_image":false},"online_sale":[62],"product_brand":[],"product_cat":[18],"product_tag":[],"class_list":{"0":"post-9079","1":"product","2":"type-product","3":"status-publish","4":"has-post-thumbnail","6":"online_sale-octobre-2025","7":"product_cat-non-classe","9":"first","10":"instock","11":"shipping-taxable","12":"purchasable","13":"product-type-auction"},"acf":[],"_links":{"self":[{"href":"https:\/\/letempsjadisauction.com\/nl\/wp-json\/wp\/v2\/product\/9079","targetHints":{"allow":["GET"]}}],"collection":[{"href":"https:\/\/letempsjadisauction.com\/nl\/wp-json\/wp\/v2\/product"}],"about":[{"href":"https:\/\/letempsjadisauction.com\/nl\/wp-json\/wp\/v2\/types\/product"}],"wp:featuredmedia":[{"embeddable":true,"href":"https:\/\/letempsjadisauction.com\/nl\/wp-json\/wp\/v2\/media\/8271"}],"wp:attachment":[{"href":"https:\/\/letempsjadisauction.com\/nl\/wp-json\/wp\/v2\/media?parent=9079"}],"wp:term":[{"taxonomy":"online_sale","embeddable":true,"href":"https:\/\/letempsjadisauction.com\/nl\/wp-json\/wp\/v2\/online_sale?post=9079"},{"taxonomy":"product_brand","embeddable":true,"href":"https:\/\/letempsjadisauction.com\/nl\/wp-json\/wp\/v2\/product_brand?post=9079"},{"taxonomy":"product_cat","embeddable":true,"href":"https:\/\/letempsjadisauction.com\/nl\/wp-json\/wp\/v2\/product_cat?post=9079"},{"taxonomy":"product_tag","embeddable":true,"href":"https:\/\/letempsjadisauction.com\/nl\/wp-json\/wp\/v2\/product_tag?post=9079"}],"curies":[{"name":"wp","href":"https:\/\/api.w.org\/{rel}","templated":true}]}}