{"id":9081,"date":"2025-10-11T18:11:30","date_gmt":"2025-10-11T18:11:30","guid":{"rendered":"https:\/\/letempsjadisauction.com\/?post_type=product&#038;p=9081"},"modified":"2025-10-13T08:17:05","modified_gmt":"2025-10-13T08:17:05","slug":"27-suite-de-quatre-appliques-neo-gothiques-en-fer-forge-dore","status":"publish","type":"product","link":"https:\/\/letempsjadisauction.com\/nl\/veiling\/27-suite-de-quatre-appliques-neo-gothiques-en-fer-forge-dore\/","title":{"rendered":"27. Suite de quatre appliques n\u00e9o-gothiques en fer forg\u00e9 dor\u00e9"},"content":{"rendered":"<p>Suite de quatre appliques murales dans le go\u00fbt n\u00e9o-gothique, fer forg\u00e9 dor\u00e9,  40 \u00d7 30 \u00d7 12 cm<\/p>","protected":false},"excerpt":{"rendered":"<p>Suite de quatre appliques n\u00e9o-gothiques en fer forg\u00e9 dor\u00e9<\/p>","protected":false},"featured_media":8278,"template":"","meta":{"_acf_changed":false,"inline_featured_image":false},"online_sale":[62],"product_brand":[],"product_cat":[18],"product_tag":[],"class_list":{"0":"post-9081","1":"product","2":"type-product","3":"status-publish","4":"has-post-thumbnail","6":"online_sale-octobre-2025","7":"product_cat-non-classe","9":"first","10":"instock","11":"shipping-taxable","12":"purchasable","13":"product-type-auction"},"acf":[],"_links":{"self":[{"href":"https:\/\/letempsjadisauction.com\/nl\/wp-json\/wp\/v2\/product\/9081","targetHints":{"allow":["GET"]}}],"collection":[{"href":"https:\/\/letempsjadisauction.com\/nl\/wp-json\/wp\/v2\/product"}],"about":[{"href":"https:\/\/letempsjadisauction.com\/nl\/wp-json\/wp\/v2\/types\/product"}],"wp:featuredmedia":[{"embeddable":true,"href":"https:\/\/letempsjadisauction.com\/nl\/wp-json\/wp\/v2\/media\/8278"}],"wp:attachment":[{"href":"https:\/\/letempsjadisauction.com\/nl\/wp-json\/wp\/v2\/media?parent=9081"}],"wp:term":[{"taxonomy":"online_sale","embeddable":true,"href":"https:\/\/letempsjadisauction.com\/nl\/wp-json\/wp\/v2\/online_sale?post=9081"},{"taxonomy":"product_brand","embeddable":true,"href":"https:\/\/letempsjadisauction.com\/nl\/wp-json\/wp\/v2\/product_brand?post=9081"},{"taxonomy":"product_cat","embeddable":true,"href":"https:\/\/letempsjadisauction.com\/nl\/wp-json\/wp\/v2\/product_cat?post=9081"},{"taxonomy":"product_tag","embeddable":true,"href":"https:\/\/letempsjadisauction.com\/nl\/wp-json\/wp\/v2\/product_tag?post=9081"}],"curies":[{"name":"wp","href":"https:\/\/api.w.org\/{rel}","templated":true}]}}