{"id":9082,"date":"2025-10-11T18:11:30","date_gmt":"2025-10-11T18:11:30","guid":{"rendered":"https:\/\/letempsjadisauction.com\/?post_type=product&#038;p=9082"},"modified":"2025-10-17T21:16:02","modified_gmt":"2025-10-17T21:16:02","slug":"28-support-tripode-orne-de-tetes-de-taureaux-stylisees","status":"publish","type":"product","link":"https:\/\/letempsjadisauction.com\/nl\/veiling\/28-support-tripode-orne-de-tetes-de-taureaux-stylisees\/","title":{"rendered":"28. Support tripode orn\u00e9 de t\u00eates de taureaux stylis\u00e9es"},"content":{"rendered":"<p>Support tripode orn\u00e9 de t\u00eates de taureaux stylis\u00e9es, fer forg\u00e9, 134 \u00d7 46 cm<\/p>","protected":false},"excerpt":{"rendered":"<p>Support tripode orn\u00e9 de t\u00eates de taureaux stylis\u00e9es<\/p>","protected":false},"featured_media":8281,"template":"","meta":{"_acf_changed":false,"inline_featured_image":false},"online_sale":[62],"product_brand":[],"product_cat":[18],"product_tag":[],"class_list":{"0":"post-9082","1":"product","2":"type-product","3":"status-publish","4":"has-post-thumbnail","6":"online_sale-octobre-2025","7":"product_cat-non-classe","9":"first","10":"instock","11":"shipping-taxable","12":"purchasable","13":"product-type-auction"},"acf":[],"_links":{"self":[{"href":"https:\/\/letempsjadisauction.com\/nl\/wp-json\/wp\/v2\/product\/9082","targetHints":{"allow":["GET"]}}],"collection":[{"href":"https:\/\/letempsjadisauction.com\/nl\/wp-json\/wp\/v2\/product"}],"about":[{"href":"https:\/\/letempsjadisauction.com\/nl\/wp-json\/wp\/v2\/types\/product"}],"wp:featuredmedia":[{"embeddable":true,"href":"https:\/\/letempsjadisauction.com\/nl\/wp-json\/wp\/v2\/media\/8281"}],"wp:attachment":[{"href":"https:\/\/letempsjadisauction.com\/nl\/wp-json\/wp\/v2\/media?parent=9082"}],"wp:term":[{"taxonomy":"online_sale","embeddable":true,"href":"https:\/\/letempsjadisauction.com\/nl\/wp-json\/wp\/v2\/online_sale?post=9082"},{"taxonomy":"product_brand","embeddable":true,"href":"https:\/\/letempsjadisauction.com\/nl\/wp-json\/wp\/v2\/product_brand?post=9082"},{"taxonomy":"product_cat","embeddable":true,"href":"https:\/\/letempsjadisauction.com\/nl\/wp-json\/wp\/v2\/product_cat?post=9082"},{"taxonomy":"product_tag","embeddable":true,"href":"https:\/\/letempsjadisauction.com\/nl\/wp-json\/wp\/v2\/product_tag?post=9082"}],"curies":[{"name":"wp","href":"https:\/\/api.w.org\/{rel}","templated":true}]}}