{"id":9083,"date":"2025-10-11T18:11:30","date_gmt":"2025-10-11T18:11:30","guid":{"rendered":"https:\/\/letempsjadisauction.com\/?post_type=product&#038;p=9083"},"modified":"2025-10-11T18:11:30","modified_gmt":"2025-10-11T18:11:30","slug":"29-mortier-a-deux-anses-et-son-pilon-en-bronze","status":"publish","type":"product","link":"https:\/\/letempsjadisauction.com\/nl\/veiling\/29-mortier-a-deux-anses-et-son-pilon-en-bronze\/","title":{"rendered":"29. Mortier \u00e0 deux anses et son pilon en bronze"},"content":{"rendered":"<p>Mortier \u00e0 deux anses, accompagn\u00e9 de son pilon, bronze moulur\u00e9, 16 \u00d7 17<\/p>","protected":false},"excerpt":{"rendered":"<p>Mortier \u00e0 deux anses et son pilon en bronze<\/p>","protected":false},"featured_media":8284,"template":"","meta":{"_acf_changed":false,"inline_featured_image":false},"online_sale":[62],"product_brand":[],"product_cat":[18],"product_tag":[],"class_list":{"0":"post-9083","1":"product","2":"type-product","3":"status-publish","4":"has-post-thumbnail","6":"online_sale-octobre-2025","7":"product_cat-non-classe","9":"first","10":"instock","11":"shipping-taxable","12":"purchasable","13":"product-type-auction"},"acf":[],"_links":{"self":[{"href":"https:\/\/letempsjadisauction.com\/nl\/wp-json\/wp\/v2\/product\/9083","targetHints":{"allow":["GET"]}}],"collection":[{"href":"https:\/\/letempsjadisauction.com\/nl\/wp-json\/wp\/v2\/product"}],"about":[{"href":"https:\/\/letempsjadisauction.com\/nl\/wp-json\/wp\/v2\/types\/product"}],"wp:featuredmedia":[{"embeddable":true,"href":"https:\/\/letempsjadisauction.com\/nl\/wp-json\/wp\/v2\/media\/8284"}],"wp:attachment":[{"href":"https:\/\/letempsjadisauction.com\/nl\/wp-json\/wp\/v2\/media?parent=9083"}],"wp:term":[{"taxonomy":"online_sale","embeddable":true,"href":"https:\/\/letempsjadisauction.com\/nl\/wp-json\/wp\/v2\/online_sale?post=9083"},{"taxonomy":"product_brand","embeddable":true,"href":"https:\/\/letempsjadisauction.com\/nl\/wp-json\/wp\/v2\/product_brand?post=9083"},{"taxonomy":"product_cat","embeddable":true,"href":"https:\/\/letempsjadisauction.com\/nl\/wp-json\/wp\/v2\/product_cat?post=9083"},{"taxonomy":"product_tag","embeddable":true,"href":"https:\/\/letempsjadisauction.com\/nl\/wp-json\/wp\/v2\/product_tag?post=9083"}],"curies":[{"name":"wp","href":"https:\/\/api.w.org\/{rel}","templated":true}]}}