{"id":9084,"date":"2025-10-11T18:11:33","date_gmt":"2025-10-11T18:11:33","guid":{"rendered":"https:\/\/letempsjadisauction.com\/?post_type=product&#038;p=9084"},"modified":"2025-10-11T18:11:33","modified_gmt":"2025-10-11T18:11:33","slug":"30-seau-a-eau-benite-en-laiton-poli","status":"publish","type":"product","link":"https:\/\/letempsjadisauction.com\/nl\/veiling\/30-seau-a-eau-benite-en-laiton-poli\/","title":{"rendered":"30. Seau \u00e0 eau b\u00e9nite en laiton poli"},"content":{"rendered":"<p>Seau \u00e0 eau b\u00e9nite, laiton poli, 31,5 x 26 cm<\/p>","protected":false},"excerpt":{"rendered":"<p>Seau \u00e0 eau b\u00e9nite en laiton poli<\/p>","protected":false},"featured_media":8287,"template":"","meta":{"_acf_changed":false,"inline_featured_image":false},"online_sale":[62],"product_brand":[],"product_cat":[18],"product_tag":[],"class_list":{"0":"post-9084","1":"product","2":"type-product","3":"status-publish","4":"has-post-thumbnail","6":"online_sale-octobre-2025","7":"product_cat-non-classe","9":"first","10":"instock","11":"shipping-taxable","12":"purchasable","13":"product-type-auction"},"acf":[],"_links":{"self":[{"href":"https:\/\/letempsjadisauction.com\/nl\/wp-json\/wp\/v2\/product\/9084","targetHints":{"allow":["GET"]}}],"collection":[{"href":"https:\/\/letempsjadisauction.com\/nl\/wp-json\/wp\/v2\/product"}],"about":[{"href":"https:\/\/letempsjadisauction.com\/nl\/wp-json\/wp\/v2\/types\/product"}],"wp:featuredmedia":[{"embeddable":true,"href":"https:\/\/letempsjadisauction.com\/nl\/wp-json\/wp\/v2\/media\/8287"}],"wp:attachment":[{"href":"https:\/\/letempsjadisauction.com\/nl\/wp-json\/wp\/v2\/media?parent=9084"}],"wp:term":[{"taxonomy":"online_sale","embeddable":true,"href":"https:\/\/letempsjadisauction.com\/nl\/wp-json\/wp\/v2\/online_sale?post=9084"},{"taxonomy":"product_brand","embeddable":true,"href":"https:\/\/letempsjadisauction.com\/nl\/wp-json\/wp\/v2\/product_brand?post=9084"},{"taxonomy":"product_cat","embeddable":true,"href":"https:\/\/letempsjadisauction.com\/nl\/wp-json\/wp\/v2\/product_cat?post=9084"},{"taxonomy":"product_tag","embeddable":true,"href":"https:\/\/letempsjadisauction.com\/nl\/wp-json\/wp\/v2\/product_tag?post=9084"}],"curies":[{"name":"wp","href":"https:\/\/api.w.org\/{rel}","templated":true}]}}