{"id":9088,"date":"2025-10-11T18:11:32","date_gmt":"2025-10-11T18:11:32","guid":{"rendered":"https:\/\/letempsjadisauction.com\/?post_type=product&#038;p=9088"},"modified":"2025-10-11T18:11:32","modified_gmt":"2025-10-11T18:11:32","slug":"34-crucifix-neogothique-en-metal-dore","status":"publish","type":"product","link":"https:\/\/letempsjadisauction.com\/nl\/veiling\/34-crucifix-neogothique-en-metal-dore\/","title":{"rendered":"34. Crucifix n\u00e9ogothique en m\u00e9tal dor\u00e9"},"content":{"rendered":"<p>Crucifix de style n\u00e9ogothique, m\u00e9tal dor\u00e9, 78 x 31 cm<\/p>","protected":false},"excerpt":{"rendered":"<p>Crucifix n\u00e9ogothique en m\u00e9tal dor\u00e9<\/p>","protected":false},"featured_media":8298,"template":"","meta":{"_acf_changed":false,"inline_featured_image":false},"online_sale":[62],"product_brand":[],"product_cat":[18],"product_tag":[],"class_list":{"0":"post-9088","1":"product","2":"type-product","3":"status-publish","4":"has-post-thumbnail","6":"online_sale-octobre-2025","7":"product_cat-non-classe","9":"first","10":"instock","11":"shipping-taxable","12":"purchasable","13":"product-type-auction"},"acf":[],"_links":{"self":[{"href":"https:\/\/letempsjadisauction.com\/nl\/wp-json\/wp\/v2\/product\/9088","targetHints":{"allow":["GET"]}}],"collection":[{"href":"https:\/\/letempsjadisauction.com\/nl\/wp-json\/wp\/v2\/product"}],"about":[{"href":"https:\/\/letempsjadisauction.com\/nl\/wp-json\/wp\/v2\/types\/product"}],"wp:featuredmedia":[{"embeddable":true,"href":"https:\/\/letempsjadisauction.com\/nl\/wp-json\/wp\/v2\/media\/8298"}],"wp:attachment":[{"href":"https:\/\/letempsjadisauction.com\/nl\/wp-json\/wp\/v2\/media?parent=9088"}],"wp:term":[{"taxonomy":"online_sale","embeddable":true,"href":"https:\/\/letempsjadisauction.com\/nl\/wp-json\/wp\/v2\/online_sale?post=9088"},{"taxonomy":"product_brand","embeddable":true,"href":"https:\/\/letempsjadisauction.com\/nl\/wp-json\/wp\/v2\/product_brand?post=9088"},{"taxonomy":"product_cat","embeddable":true,"href":"https:\/\/letempsjadisauction.com\/nl\/wp-json\/wp\/v2\/product_cat?post=9088"},{"taxonomy":"product_tag","embeddable":true,"href":"https:\/\/letempsjadisauction.com\/nl\/wp-json\/wp\/v2\/product_tag?post=9088"}],"curies":[{"name":"wp","href":"https:\/\/api.w.org\/{rel}","templated":true}]}}