{"id":9100,"date":"2025-10-11T18:11:52","date_gmt":"2025-10-11T18:11:52","guid":{"rendered":"https:\/\/letempsjadisauction.com\/?post_type=product&#038;p=9100"},"modified":"2025-10-13T08:16:52","modified_gmt":"2025-10-13T08:16:52","slug":"46-paire-dappliques-a-deux-bras-de-lumiere-en-bronze-dore-style-empire","status":"publish","type":"product","link":"https:\/\/letempsjadisauction.com\/nl\/veiling\/46-paire-dappliques-a-deux-bras-de-lumiere-en-bronze-dore-style-empire\/","title":{"rendered":"46. Paire d\u2019appliques \u00e0 deux bras de lumi\u00e8re en bronze dor\u00e9, style Empire"},"content":{"rendered":"<p>Paire d&rsquo;appliques \u00e0 deux bras de lumi\u00e8re \u00e0 d\u00e9cor de figures ail\u00e9es,  bronze dor\u00e9 et patin\u00e9, style empire,  36 x 25 x 9 cm<\/p>","protected":false},"excerpt":{"rendered":"<p>Paire d\u2019appliques \u00e0 deux bras de lumi\u00e8re en bronze dor\u00e9, style Empire<\/p>","protected":false},"featured_media":8325,"template":"","meta":{"_acf_changed":false,"inline_featured_image":false},"online_sale":[62],"product_brand":[],"product_cat":[18],"product_tag":[],"class_list":{"0":"post-9100","1":"product","2":"type-product","3":"status-publish","4":"has-post-thumbnail","6":"online_sale-octobre-2025","7":"product_cat-non-classe","9":"first","10":"instock","11":"shipping-taxable","12":"purchasable","13":"product-type-auction"},"acf":[],"_links":{"self":[{"href":"https:\/\/letempsjadisauction.com\/nl\/wp-json\/wp\/v2\/product\/9100","targetHints":{"allow":["GET"]}}],"collection":[{"href":"https:\/\/letempsjadisauction.com\/nl\/wp-json\/wp\/v2\/product"}],"about":[{"href":"https:\/\/letempsjadisauction.com\/nl\/wp-json\/wp\/v2\/types\/product"}],"wp:featuredmedia":[{"embeddable":true,"href":"https:\/\/letempsjadisauction.com\/nl\/wp-json\/wp\/v2\/media\/8325"}],"wp:attachment":[{"href":"https:\/\/letempsjadisauction.com\/nl\/wp-json\/wp\/v2\/media?parent=9100"}],"wp:term":[{"taxonomy":"online_sale","embeddable":true,"href":"https:\/\/letempsjadisauction.com\/nl\/wp-json\/wp\/v2\/online_sale?post=9100"},{"taxonomy":"product_brand","embeddable":true,"href":"https:\/\/letempsjadisauction.com\/nl\/wp-json\/wp\/v2\/product_brand?post=9100"},{"taxonomy":"product_cat","embeddable":true,"href":"https:\/\/letempsjadisauction.com\/nl\/wp-json\/wp\/v2\/product_cat?post=9100"},{"taxonomy":"product_tag","embeddable":true,"href":"https:\/\/letempsjadisauction.com\/nl\/wp-json\/wp\/v2\/product_tag?post=9100"}],"curies":[{"name":"wp","href":"https:\/\/api.w.org\/{rel}","templated":true}]}}