{"id":9101,"date":"2025-10-11T18:11:54","date_gmt":"2025-10-11T18:11:54","guid":{"rendered":"https:\/\/letempsjadisauction.com\/?post_type=product&#038;p=9101"},"modified":"2025-10-29T12:32:01","modified_gmt":"2025-10-29T12:32:01","slug":"47-trois-figures-allegoriques-en-faience-de-bruxelles","status":"publish","type":"product","link":"https:\/\/letempsjadisauction.com\/nl\/veiling\/47-trois-figures-allegoriques-en-faience-de-bruxelles\/","title":{"rendered":"47. Trois figures all\u00e9goriques en fa\u00efence de Bruxelles"},"content":{"rendered":"<p>Faience de Bruxelles, ensemble de trois figures all\u00e9goriques, 18e si\u00e8cle, fa\u00efence polychrome, marque IK au cobalt sous la base, H. 25 cm<\/p>","protected":false},"excerpt":{"rendered":"<p>Trois figures all\u00e9goriques en fa\u00efence de Bruxelles<\/p>","protected":false},"featured_media":8328,"template":"","meta":{"_acf_changed":false,"inline_featured_image":false},"online_sale":[62],"product_brand":[],"product_cat":[18],"product_tag":[],"class_list":{"0":"post-9101","1":"product","2":"type-product","3":"status-publish","4":"has-post-thumbnail","6":"online_sale-octobre-2025","7":"product_cat-non-classe","9":"first","10":"instock","11":"shipping-taxable","12":"purchasable","13":"product-type-auction"},"acf":[],"_links":{"self":[{"href":"https:\/\/letempsjadisauction.com\/nl\/wp-json\/wp\/v2\/product\/9101","targetHints":{"allow":["GET"]}}],"collection":[{"href":"https:\/\/letempsjadisauction.com\/nl\/wp-json\/wp\/v2\/product"}],"about":[{"href":"https:\/\/letempsjadisauction.com\/nl\/wp-json\/wp\/v2\/types\/product"}],"wp:featuredmedia":[{"embeddable":true,"href":"https:\/\/letempsjadisauction.com\/nl\/wp-json\/wp\/v2\/media\/8328"}],"wp:attachment":[{"href":"https:\/\/letempsjadisauction.com\/nl\/wp-json\/wp\/v2\/media?parent=9101"}],"wp:term":[{"taxonomy":"online_sale","embeddable":true,"href":"https:\/\/letempsjadisauction.com\/nl\/wp-json\/wp\/v2\/online_sale?post=9101"},{"taxonomy":"product_brand","embeddable":true,"href":"https:\/\/letempsjadisauction.com\/nl\/wp-json\/wp\/v2\/product_brand?post=9101"},{"taxonomy":"product_cat","embeddable":true,"href":"https:\/\/letempsjadisauction.com\/nl\/wp-json\/wp\/v2\/product_cat?post=9101"},{"taxonomy":"product_tag","embeddable":true,"href":"https:\/\/letempsjadisauction.com\/nl\/wp-json\/wp\/v2\/product_tag?post=9101"}],"curies":[{"name":"wp","href":"https:\/\/api.w.org\/{rel}","templated":true}]}}