{"id":9103,"date":"2025-10-11T18:11:54","date_gmt":"2025-10-11T18:11:54","guid":{"rendered":"https:\/\/letempsjadisauction.com\/?post_type=product&#038;p=9103"},"modified":"2025-10-11T18:11:54","modified_gmt":"2025-10-11T18:11:54","slug":"49-chope-au-paon-et-vegetation-travail-allemand-1764","status":"publish","type":"product","link":"https:\/\/letempsjadisauction.com\/nl\/veiling\/49-chope-au-paon-et-vegetation-travail-allemand-1764\/","title":{"rendered":"49. Chope au paon et v\u00e9g\u00e9tation, travail allemand, 1764"},"content":{"rendered":"<p>Travail allemand, Chope \u00e0 d\u00e9cors de paon et v\u00e9g\u00e9tation, faience et couvercle en \u00e9tain marqu\u00e9 F.L. Stor Beck. 1764, 20 cm<\/p>","protected":false},"excerpt":{"rendered":"<p>Chope au paon et v\u00e9g\u00e9tation, travail allemand, 1764<\/p>","protected":false},"featured_media":8339,"template":"","meta":{"_acf_changed":false,"inline_featured_image":false},"online_sale":[62],"product_brand":[],"product_cat":[18],"product_tag":[],"class_list":{"0":"post-9103","1":"product","2":"type-product","3":"status-publish","4":"has-post-thumbnail","6":"online_sale-octobre-2025","7":"product_cat-non-classe","9":"first","10":"instock","11":"shipping-taxable","12":"purchasable","13":"product-type-auction"},"acf":[],"_links":{"self":[{"href":"https:\/\/letempsjadisauction.com\/nl\/wp-json\/wp\/v2\/product\/9103","targetHints":{"allow":["GET"]}}],"collection":[{"href":"https:\/\/letempsjadisauction.com\/nl\/wp-json\/wp\/v2\/product"}],"about":[{"href":"https:\/\/letempsjadisauction.com\/nl\/wp-json\/wp\/v2\/types\/product"}],"wp:featuredmedia":[{"embeddable":true,"href":"https:\/\/letempsjadisauction.com\/nl\/wp-json\/wp\/v2\/media\/8339"}],"wp:attachment":[{"href":"https:\/\/letempsjadisauction.com\/nl\/wp-json\/wp\/v2\/media?parent=9103"}],"wp:term":[{"taxonomy":"online_sale","embeddable":true,"href":"https:\/\/letempsjadisauction.com\/nl\/wp-json\/wp\/v2\/online_sale?post=9103"},{"taxonomy":"product_brand","embeddable":true,"href":"https:\/\/letempsjadisauction.com\/nl\/wp-json\/wp\/v2\/product_brand?post=9103"},{"taxonomy":"product_cat","embeddable":true,"href":"https:\/\/letempsjadisauction.com\/nl\/wp-json\/wp\/v2\/product_cat?post=9103"},{"taxonomy":"product_tag","embeddable":true,"href":"https:\/\/letempsjadisauction.com\/nl\/wp-json\/wp\/v2\/product_tag?post=9103"}],"curies":[{"name":"wp","href":"https:\/\/api.w.org\/{rel}","templated":true}]}}