{"id":9110,"date":"2025-10-11T18:12:14","date_gmt":"2025-10-11T18:12:14","guid":{"rendered":"https:\/\/letempsjadisauction.com\/?post_type=product&#038;p=9110"},"modified":"2025-10-11T18:12:14","modified_gmt":"2025-10-11T18:12:14","slug":"56-pichet-au-personnage-faience-de-bruxelles","status":"publish","type":"product","link":"https:\/\/letempsjadisauction.com\/nl\/veiling\/56-pichet-au-personnage-faience-de-bruxelles\/","title":{"rendered":"56. Pichet au personnage, fa\u00efence de Bruxelles"},"content":{"rendered":"<p>Faience de Bruxelles, pichet \u00e0 d\u00e9cors de personnage, faience polychrome et couvercle en \u00e9tain, H. 30 cm <\/p>","protected":false},"excerpt":{"rendered":"<p>Pichet au personnage, fa\u00efence de Bruxelles<\/p>","protected":false},"featured_media":8373,"template":"","meta":{"_acf_changed":false,"inline_featured_image":false},"online_sale":[62],"product_brand":[],"product_cat":[18],"product_tag":[],"class_list":{"0":"post-9110","1":"product","2":"type-product","3":"status-publish","4":"has-post-thumbnail","6":"online_sale-octobre-2025","7":"product_cat-non-classe","9":"first","10":"instock","11":"shipping-taxable","12":"purchasable","13":"product-type-auction"},"acf":[],"_links":{"self":[{"href":"https:\/\/letempsjadisauction.com\/nl\/wp-json\/wp\/v2\/product\/9110","targetHints":{"allow":["GET"]}}],"collection":[{"href":"https:\/\/letempsjadisauction.com\/nl\/wp-json\/wp\/v2\/product"}],"about":[{"href":"https:\/\/letempsjadisauction.com\/nl\/wp-json\/wp\/v2\/types\/product"}],"wp:featuredmedia":[{"embeddable":true,"href":"https:\/\/letempsjadisauction.com\/nl\/wp-json\/wp\/v2\/media\/8373"}],"wp:attachment":[{"href":"https:\/\/letempsjadisauction.com\/nl\/wp-json\/wp\/v2\/media?parent=9110"}],"wp:term":[{"taxonomy":"online_sale","embeddable":true,"href":"https:\/\/letempsjadisauction.com\/nl\/wp-json\/wp\/v2\/online_sale?post=9110"},{"taxonomy":"product_brand","embeddable":true,"href":"https:\/\/letempsjadisauction.com\/nl\/wp-json\/wp\/v2\/product_brand?post=9110"},{"taxonomy":"product_cat","embeddable":true,"href":"https:\/\/letempsjadisauction.com\/nl\/wp-json\/wp\/v2\/product_cat?post=9110"},{"taxonomy":"product_tag","embeddable":true,"href":"https:\/\/letempsjadisauction.com\/nl\/wp-json\/wp\/v2\/product_tag?post=9110"}],"curies":[{"name":"wp","href":"https:\/\/api.w.org\/{rel}","templated":true}]}}